{"id":3153,"date":"2024-07-08T12:23:41","date_gmt":"2024-07-08T12:23:41","guid":{"rendered":"https:\/\/weiss.bazaks.digital\/homepage\/"},"modified":"2024-10-17T13:05:43","modified_gmt":"2024-10-17T13:05:43","slug":"homepage","status":"publish","type":"page","link":"https:\/\/weiss.bazaks.digital\/es\/","title":{"rendered":"P\u00e1gina de inicio"},"content":{"rendered":"\t\t<div data-elementor-type=\"wp-page\" data-elementor-id=\"3153\" class=\"elementor elementor-3153 elementor-27\" data-elementor-post-type=\"page\">\n\t\t\t\t<div class=\"elementor-element elementor-element-37d7b63 e-con-full mainBanner animated-slow e-flex elementor-invisible e-con e-parent\" data-id=\"37d7b63\" data-element_type=\"container\" data-settings=\"{&quot;animation&quot;:&quot;fadeIn&quot;}\">\n\t\t\t\t<div class=\"elementor-element elementor-element-bd03082 elementor-widget elementor-widget-video\" data-id=\"bd03082\" data-element_type=\"widget\" data-settings=\"{&quot;video_type&quot;:&quot;hosted&quot;,&quot;autoplay&quot;:&quot;yes&quot;,&quot;play_on_mobile&quot;:&quot;yes&quot;,&quot;mute&quot;:&quot;yes&quot;,&quot;loop&quot;:&quot;yes&quot;}\" data-widget_type=\"video.default\">\n\t\t\t\t<div class=\"elementor-widget-container\">\n\t\t\t\t\t\t\t<div class=\"e-hosted-video elementor-wrapper elementor-open-inline\">\n\t\t\t\t\t<video class=\"elementor-video\" src=\"https:\/\/weiss.bazaks.digital\/wp-content\/uploads\/2024\/07\/1145-1155.mp4\" autoplay=\"\" loop=\"\" muted=\"muted\" playsinline=\"\" controlsList=\"nodownload\"><\/video>\n\t\t\t\t<\/div>\n\t\t\t\t\t\t<\/div>\n\t\t\t\t<\/div>\n\t\t<div class=\"elementor-element elementor-element-eec84ec mainBannerInfo e-con-full animated-slow e-flex elementor-invisible e-con e-child\" data-id=\"eec84ec\" data-element_type=\"container\" data-settings=\"{&quot;animation&quot;:&quot;customFadeInUp&quot;,&quot;animation_delay&quot;:500}\">\n\t\t\t\t<div class=\"elementor-element elementor-element-abd807b elementor-widget elementor-widget-image\" data-id=\"abd807b\" data-element_type=\"widget\" data-widget_type=\"image.default\">\n\t\t\t\t<div class=\"elementor-widget-container\">\n\t\t\t\t\t\t\t\t\t\t\t\t\t\t\t<img decoding=\"async\" width=\"228\" height=\"34\" src=\"https:\/\/weiss.bazaks.digital\/wp-content\/uploads\/2024\/07\/logo-weisshorn-w-white.png\" class=\"attachment-large size-large wp-image-1501\" alt=\"\" \/>\t\t\t\t\t\t\t\t\t\t\t\t\t\t\t<\/div>\n\t\t\t\t<\/div>\n\t\t\t\t<\/div>\n\t\t\t\t<\/div>\n\t\t<div class=\"elementor-element elementor-element-55cea10 animated-fast e-flex e-con-boxed e-con e-parent\" data-id=\"55cea10\" data-element_type=\"container\" data-settings=\"{&quot;background_background&quot;:&quot;classic&quot;,&quot;animation&quot;:&quot;none&quot;}\">\n\t\t\t\t\t<div class=\"e-con-inner\">\n\t\t<div class=\"elementor-element elementor-element-9bcbc45 e-con-full animated-slow e-flex elementor-invisible e-con e-child\" data-id=\"9bcbc45\" data-element_type=\"container\" data-settings=\"{&quot;animation&quot;:&quot;customFadeInUp&quot;,&quot;animation_delay&quot;:500}\">\n\t\t\t\t<div class=\"elementor-element elementor-element-5c7622e elementor-widget elementor-widget-heading\" data-id=\"5c7622e\" data-element_type=\"widget\" data-widget_type=\"heading.default\">\n\t\t\t\t<div class=\"elementor-widget-container\">\n\t\t\t\t\t<h3 class=\"elementor-heading-title elementor-size-default\">Weisshorn Asset Management&nbsp;<\/h3>\t\t\t\t<\/div>\n\t\t\t\t<\/div>\n\t\t\t\t<\/div>\n\t\t<div class=\"elementor-element elementor-element-77d95b3 e-con-full animated-slow e-flex elementor-invisible e-con e-child\" data-id=\"77d95b3\" data-element_type=\"container\" data-settings=\"{&quot;animation&quot;:&quot;customFadeInUp&quot;,&quot;animation_delay&quot;:1000}\">\n\t\t\t\t<div class=\"elementor-element elementor-element-a0088eb elementor-widget elementor-widget-image\" data-id=\"a0088eb\" data-element_type=\"widget\" data-widget_type=\"image.default\">\n\t\t\t\t<div class=\"elementor-widget-container\">\n\t\t\t\t\t\t\t\t\t\t\t\t\t\t\t<img fetchpriority=\"high\" decoding=\"async\" width=\"800\" height=\"534\" src=\"https:\/\/weiss.bazaks.digital\/wp-content\/uploads\/2024\/08\/pexels-martin-alvarez-mullally-703142347-18134282-1024x683.jpg\" class=\"attachment-large size-large wp-image-1972\" alt=\"\" srcset=\"https:\/\/weiss.bazaks.digital\/wp-content\/uploads\/2024\/08\/pexels-martin-alvarez-mullally-703142347-18134282-1024x683.jpg 1024w, https:\/\/weiss.bazaks.digital\/wp-content\/uploads\/2024\/08\/pexels-martin-alvarez-mullally-703142347-18134282-300x200.jpg 300w, https:\/\/weiss.bazaks.digital\/wp-content\/uploads\/2024\/08\/pexels-martin-alvarez-mullally-703142347-18134282-768x512.jpg 768w, https:\/\/weiss.bazaks.digital\/wp-content\/uploads\/2024\/08\/pexels-martin-alvarez-mullally-703142347-18134282-1536x1024.jpg 1536w, https:\/\/weiss.bazaks.digital\/wp-content\/uploads\/2024\/08\/pexels-martin-alvarez-mullally-703142347-18134282-2048x1365.jpg 2048w\" sizes=\"(max-width: 800px) 100vw, 800px\" \/>\t\t\t\t\t\t\t\t\t\t\t\t\t\t\t<\/div>\n\t\t\t\t<\/div>\n\t\t\t\t<\/div>\n\t\t<div class=\"elementor-element elementor-element-c19a11c e-con-full animated-slow e-flex elementor-invisible e-con e-child\" data-id=\"c19a11c\" data-element_type=\"container\" data-settings=\"{&quot;animation&quot;:&quot;customFadeInUp&quot;,&quot;animation_delay&quot;:1000}\">\n\t\t\t\t<div class=\"elementor-element elementor-element-3b65fc3 blkWysiwyg elementor-widget elementor-widget-text-editor\" data-id=\"3b65fc3\" data-element_type=\"widget\" data-widget_type=\"text-editor.default\">\n\t\t\t\t<div class=\"elementor-widget-container\">\n\t\t\t\t\t\t\t\t\t<p><strong>Weisshorn Asset Management SA<\/strong>, una empresa independiente de gesti\u00f3n de patrimonios con sede en Ginebra, se especializa en ofrecer soluciones de inversi\u00f3n y servicios de asesoramiento a clientes privados.<\/p>\n<p>El compromiso de Weisshorn\u00a0es proporcionar estrategias financieras personalizadas y asesoramiento imparcial, con el objetivo de proteger y aumentar el patrimonio de nuestros clientes para las generaciones futuras.<\/p>\n<p>Como entidad certificada por la\u00a0FINMA\u00a0bajo el marco\u00a0CISA, Weisshorn se adhiere a una rigurosa gobernanza interna. Esta certificaci\u00f3n nos permite ofrecer a nuestros clientes una gama completa de servicios y productos en un entorno normativo s\u00f3lido.<\/p>\n<p><a href=\"https:\/\/weiss.bazaks.digital\/wp-content\/uploads\/2024\/07\/Weisshorn_Asset_Managments_Presentation_Sheet.pdf\" target=\"_blank\" rel=\"noopener\"><strong>Descargar nuestra newsletter<\/strong><\/a><\/p>\n<p><strong><a href=\"#\">Descarguar nuestro comit\u00e9 de inversiones<\/a><\/strong><\/p>\n\t\t\t\t\t\t\t\t<\/div>\n\t\t\t\t<\/div>\n\t\t\t\t<\/div>\n\t\t\t\t\t<\/div>\n\t\t\t\t<\/div>\n\t\t<div class=\"elementor-element elementor-element-17e314b e-flex e-con-boxed e-con e-parent\" data-id=\"17e314b\" data-element_type=\"container\" data-settings=\"{&quot;background_background&quot;:&quot;classic&quot;}\">\n\t\t\t\t\t<div class=\"e-con-inner\">\n\t\t<div class=\"elementor-element elementor-element-94a5c2d e-con-full blkWysiwyg animated-slow e-flex elementor-invisible e-con e-child\" data-id=\"94a5c2d\" data-element_type=\"container\" data-settings=\"{&quot;animation&quot;:&quot;fadeInLeft&quot;,&quot;animation_delay&quot;:500}\">\n\t\t\t\t<div class=\"elementor-element elementor-element-ca5d95f elementor-widget elementor-widget-text-editor\" data-id=\"ca5d95f\" data-element_type=\"widget\" data-widget_type=\"text-editor.default\">\n\t\t\t\t<div class=\"elementor-widget-container\">\n\t\t\t\t\t\t\t\t\t<h2>Estrategia y cultura<\/h2>\n<p><strong>Su satisfacci\u00f3n es nuestra principal prioridad.<\/strong>\u00a0Nos dedicamos a cultivar una relaci\u00f3n de confianza que no s\u00f3lo satisfaga sus expectativas, sino que las supere.<\/p>\n<p>Con un profundo sentido de la responsabilidad por el capital que nos conf\u00eda, que a menudo abarca generaciones, proporcionamos un an\u00e1lisis financiero completo y personalizado adaptado a sus necesidades \u00fanicas.<\/p>\n<h3><\/h3>\n<h2>Nuestros valores<\/h2>\n<p>Nos adherimos a una norma \u00e9tica inflexible que gu\u00eda todos los aspectos de nuestras operaciones. Nos comprometemos a fomentar relaciones a largo plazo basadas en la confianza mutua con nuestros clientes y socios. Adem\u00e1s, integramos continuamente las innovaciones financieras en nuestras estrategias de inversi\u00f3n y construcci\u00f3n de carteras, garantizando que nuestros clientes se beneficien de los \u00faltimos avances del sector.<\/p>\n<h3><\/h3>\n<h2>Nuestros precios<\/h2>\n<p>Nuestros precios se basan en la transparencia y la integridad.<strong> Ofrecemos tarifas totalmente transparentes, sin comisiones ocultas ni sobornos. No hay doble facturaci\u00f3n entre nuestros honorarios de gesti\u00f3n y los productos que ofrecemos, lo que garantiza unos precios claros y justos.<\/strong> Adem\u00e1s, proporcionamos acceso a las clases de fondos de inversi\u00f3n m\u00e1s ventajosas. Como resultado, su capital experimenta un crecimiento \u00f3ptimo a lo largo de los a\u00f1os.<\/p>\n\t\t\t\t\t\t\t\t<\/div>\n\t\t\t\t<\/div>\n\t\t<div class=\"elementor-element elementor-element-2b1e3bb e-con-full blkKeyFigures e-flex e-con e-child\" data-id=\"2b1e3bb\" data-element_type=\"container\">\n\t\t\t\t<div class=\"elementor-element elementor-element-008143e elementor-widget__width-initial elementor-widget elementor-widget-counter\" data-id=\"008143e\" data-element_type=\"widget\" data-widget_type=\"counter.default\">\n\t\t\t\t<div class=\"elementor-widget-container\">\n\t\t\t\t\t\t\t<div class=\"elementor-counter\">\n\t\t\t<div class=\"elementor-counter-title\">A\u00f1os de experiencia en gesti\u00f3n de carteras de cada cofundador<\/div>\t\t\t<div class=\"elementor-counter-number-wrapper\">\n\t\t\t\t<span class=\"elementor-counter-number-prefix\"><\/span>\n\t\t\t\t<span class=\"elementor-counter-number\" data-duration=\"2000\" data-to-value=\"25\" data-from-value=\"0\" data-delimiter=\",\">0<\/span>\n\t\t\t\t<span class=\"elementor-counter-number-suffix\">+<\/span>\n\t\t\t<\/div>\n\t\t<\/div>\n\t\t\t\t\t\t<\/div>\n\t\t\t\t<\/div>\n\t\t\t\t<div class=\"elementor-element elementor-element-677a694 elementor-widget__width-initial elementor-widget elementor-widget-counter\" data-id=\"677a694\" data-element_type=\"widget\" data-widget_type=\"counter.default\">\n\t\t\t\t<div class=\"elementor-widget-container\">\n\t\t\t\t\t\t\t<div class=\"elementor-counter\">\n\t\t\t<div class=\"elementor-counter-title\">Generaciones de clientes<\/div>\t\t\t<div class=\"elementor-counter-number-wrapper\">\n\t\t\t\t<span class=\"elementor-counter-number-prefix\"><\/span>\n\t\t\t\t<span class=\"elementor-counter-number\" data-duration=\"2000\" data-to-value=\"3\" data-from-value=\"0\" data-delimiter=\",\">0<\/span>\n\t\t\t\t<span class=\"elementor-counter-number-suffix\"> <\/span>\n\t\t\t<\/div>\n\t\t<\/div>\n\t\t\t\t\t\t<\/div>\n\t\t\t\t<\/div>\n\t\t\t\t<\/div>\n\t\t\t\t<\/div>\n\t\t<div class=\"elementor-element elementor-element-ef39c42 e-con-full animated-slow e-flex elementor-invisible e-con e-child\" data-id=\"ef39c42\" data-element_type=\"container\" data-settings=\"{&quot;animation&quot;:&quot;fadeInRight&quot;,&quot;animation_delay&quot;:500}\">\n\t\t\t\t<div class=\"elementor-element elementor-element-42914b3 elementor-widget elementor-widget-image\" data-id=\"42914b3\" data-element_type=\"widget\" data-widget_type=\"image.default\">\n\t\t\t\t<div class=\"elementor-widget-container\">\n\t\t\t\t\t\t\t\t\t\t\t\t\t\t\t<img decoding=\"async\" width=\"3269\" height=\"4903\" src=\"https:\/\/weiss.bazaks.digital\/wp-content\/uploads\/2024\/08\/pexels-matreding-4468990.jpg\" class=\"attachment-full size-full wp-image-1976\" alt=\"\" srcset=\"https:\/\/weiss.bazaks.digital\/wp-content\/uploads\/2024\/08\/pexels-matreding-4468990.jpg 3269w, https:\/\/weiss.bazaks.digital\/wp-content\/uploads\/2024\/08\/pexels-matreding-4468990-200x300.jpg 200w, https:\/\/weiss.bazaks.digital\/wp-content\/uploads\/2024\/08\/pexels-matreding-4468990-683x1024.jpg 683w, https:\/\/weiss.bazaks.digital\/wp-content\/uploads\/2024\/08\/pexels-matreding-4468990-768x1152.jpg 768w, https:\/\/weiss.bazaks.digital\/wp-content\/uploads\/2024\/08\/pexels-matreding-4468990-1024x1536.jpg 1024w, https:\/\/weiss.bazaks.digital\/wp-content\/uploads\/2024\/08\/pexels-matreding-4468990-1365x2048.jpg 1365w\" sizes=\"(max-width: 3269px) 100vw, 3269px\" \/>\t\t\t\t\t\t\t\t\t\t\t\t\t\t\t<\/div>\n\t\t\t\t<\/div>\n\t\t\t\t<\/div>\n\t\t\t\t\t<\/div>\n\t\t\t\t<\/div>\n\t\t\t\t<\/div>\n\t\t","protected":false},"excerpt":{"rendered":"<p>https:\/\/weiss.bazaks.digital\/wp-content\/uploads\/2024\/07\/1145-1155.mp4 Weisshorn Asset Management&nbsp; Weisshorn Asset Management SA, una empresa independiente de gesti\u00f3n de patrimonios con sede en Ginebra, se especializa en ofrecer soluciones de inversi\u00f3n y servicios de asesoramiento a clientes privados. El compromiso de Weisshorn\u00a0es proporcionar estrategias financieras personalizadas y asesoramiento imparcial, con el objetivo de proteger y aumentar el patrimonio de nuestros [&hellip;]<\/p>\n","protected":false},"author":1,"featured_media":0,"parent":0,"menu_order":0,"comment_status":"closed","ping_status":"closed","template":"","meta":{"_acf_changed":false,"footnotes":""},"acf":[],"yoast_head":"<!-- This site is optimized with the Yoast SEO plugin v23.7 - https:\/\/yoast.com\/wordpress\/plugins\/seo\/ -->\n<title>P\u00e1gina de inicio - weiss.bazaks.digital<\/title>\n<meta name=\"robots\" content=\"index, follow, max-snippet:-1, max-image-preview:large, max-video-preview:-1\" \/>\n<link rel=\"canonical\" href=\"https:\/\/weiss.bazaks.digital\/es\/\" \/>\n<meta property=\"og:locale\" content=\"es_ES\" \/>\n<meta property=\"og:type\" content=\"article\" \/>\n<meta property=\"og:title\" content=\"P\u00e1gina de inicio - weiss.bazaks.digital\" \/>\n<meta property=\"og:description\" content=\"https:\/\/weiss.bazaks.digital\/wp-content\/uploads\/2024\/07\/1145-1155.mp4 Weisshorn Asset Management&nbsp; Weisshorn Asset Management SA, una empresa independiente de gesti\u00f3n de patrimonios con sede en Ginebra, se especializa en ofrecer soluciones de inversi\u00f3n y servicios de asesoramiento a clientes privados. El compromiso de Weisshorn\u00a0es proporcionar estrategias financieras personalizadas y asesoramiento imparcial, con el objetivo de proteger y aumentar el patrimonio de nuestros [&hellip;]\" \/>\n<meta property=\"og:url\" content=\"https:\/\/weiss.bazaks.digital\/es\/\" \/>\n<meta property=\"og:site_name\" content=\"weiss.bazaks.digital\" \/>\n<meta property=\"article:modified_time\" content=\"2024-10-17T13:05:43+00:00\" \/>\n<meta property=\"og:image\" content=\"https:\/\/weiss.bazaks.digital\/wp-content\/uploads\/2024\/07\/logo-weisshorn-w-white.png\" \/>\n<meta name=\"twitter:card\" content=\"summary_large_image\" \/>\n<meta name=\"twitter:label1\" content=\"Tiempo de lectura\" \/>\n\t<meta name=\"twitter:data1\" content=\"2 minutos\" \/>\n<script type=\"application\/ld+json\" class=\"yoast-schema-graph\">{\"@context\":\"https:\/\/schema.org\",\"@graph\":[{\"@type\":\"WebPage\",\"@id\":\"https:\/\/weiss.bazaks.digital\/es\/\",\"url\":\"https:\/\/weiss.bazaks.digital\/es\/\",\"name\":\"P\u00e1gina de inicio - weiss.bazaks.digital\",\"isPartOf\":{\"@id\":\"https:\/\/weiss.bazaks.digital\/es\/#website\"},\"primaryImageOfPage\":{\"@id\":\"https:\/\/weiss.bazaks.digital\/es\/#primaryimage\"},\"image\":{\"@id\":\"https:\/\/weiss.bazaks.digital\/es\/#primaryimage\"},\"thumbnailUrl\":\"https:\/\/weiss.bazaks.digital\/wp-content\/uploads\/2024\/07\/logo-weisshorn-w-white.png\",\"datePublished\":\"2024-07-08T12:23:41+00:00\",\"dateModified\":\"2024-10-17T13:05:43+00:00\",\"breadcrumb\":{\"@id\":\"https:\/\/weiss.bazaks.digital\/es\/#breadcrumb\"},\"inLanguage\":\"es\",\"potentialAction\":[{\"@type\":\"ReadAction\",\"target\":[\"https:\/\/weiss.bazaks.digital\/es\/\"]}]},{\"@type\":\"ImageObject\",\"inLanguage\":\"es\",\"@id\":\"https:\/\/weiss.bazaks.digital\/es\/#primaryimage\",\"url\":\"https:\/\/weiss.bazaks.digital\/wp-content\/uploads\/2024\/07\/logo-weisshorn-w-white.png\",\"contentUrl\":\"https:\/\/weiss.bazaks.digital\/wp-content\/uploads\/2024\/07\/logo-weisshorn-w-white.png\"},{\"@type\":\"BreadcrumbList\",\"@id\":\"https:\/\/weiss.bazaks.digital\/es\/#breadcrumb\",\"itemListElement\":[{\"@type\":\"ListItem\",\"position\":1,\"name\":\"Home\",\"item\":\"https:\/\/weiss.bazaks.digital\/es\/\"},{\"@type\":\"ListItem\",\"position\":2,\"name\":\"P\u00e1gina de inicio\"}]},{\"@type\":\"WebSite\",\"@id\":\"https:\/\/weiss.bazaks.digital\/es\/#website\",\"url\":\"https:\/\/weiss.bazaks.digital\/es\/\",\"name\":\"weiss.bazaks.digital\",\"description\":\"\",\"publisher\":{\"@id\":\"https:\/\/weiss.bazaks.digital\/es\/#organization\"},\"potentialAction\":[{\"@type\":\"SearchAction\",\"target\":{\"@type\":\"EntryPoint\",\"urlTemplate\":\"https:\/\/weiss.bazaks.digital\/es\/?s={search_term_string}\"},\"query-input\":{\"@type\":\"PropertyValueSpecification\",\"valueRequired\":true,\"valueName\":\"search_term_string\"}}],\"inLanguage\":\"es\"},{\"@type\":\"Organization\",\"@id\":\"https:\/\/weiss.bazaks.digital\/es\/#organization\",\"name\":\"weiss.bazaks.digital\",\"url\":\"https:\/\/weiss.bazaks.digital\/es\/\",\"logo\":{\"@type\":\"ImageObject\",\"inLanguage\":\"es\",\"@id\":\"https:\/\/weiss.bazaks.digital\/es\/#\/schema\/logo\/image\/\",\"url\":\"https:\/\/weiss.bazaks.digital\/wp-content\/uploads\/2024\/07\/logo-weisshorn.png\",\"contentUrl\":\"https:\/\/weiss.bazaks.digital\/wp-content\/uploads\/2024\/07\/logo-weisshorn.png\",\"width\":228,\"height\":55,\"caption\":\"weiss.bazaks.digital\"},\"image\":{\"@id\":\"https:\/\/weiss.bazaks.digital\/es\/#\/schema\/logo\/image\/\"}}]}<\/script>\n<!-- \/ Yoast SEO plugin. -->","yoast_head_json":{"title":"P\u00e1gina de inicio - weiss.bazaks.digital","robots":{"index":"index","follow":"follow","max-snippet":"max-snippet:-1","max-image-preview":"max-image-preview:large","max-video-preview":"max-video-preview:-1"},"canonical":"https:\/\/weiss.bazaks.digital\/es\/","og_locale":"es_ES","og_type":"article","og_title":"P\u00e1gina de inicio - weiss.bazaks.digital","og_description":"https:\/\/weiss.bazaks.digital\/wp-content\/uploads\/2024\/07\/1145-1155.mp4 Weisshorn Asset Management&nbsp; Weisshorn Asset Management SA, una empresa independiente de gesti\u00f3n de patrimonios con sede en Ginebra, se especializa en ofrecer soluciones de inversi\u00f3n y servicios de asesoramiento a clientes privados. El compromiso de Weisshorn\u00a0es proporcionar estrategias financieras personalizadas y asesoramiento imparcial, con el objetivo de proteger y aumentar el patrimonio de nuestros [&hellip;]","og_url":"https:\/\/weiss.bazaks.digital\/es\/","og_site_name":"weiss.bazaks.digital","article_modified_time":"2024-10-17T13:05:43+00:00","og_image":[{"url":"https:\/\/weiss.bazaks.digital\/wp-content\/uploads\/2024\/07\/logo-weisshorn-w-white.png"}],"twitter_card":"summary_large_image","twitter_misc":{"Tiempo de lectura":"2 minutos"},"schema":{"@context":"https:\/\/schema.org","@graph":[{"@type":"WebPage","@id":"https:\/\/weiss.bazaks.digital\/es\/","url":"https:\/\/weiss.bazaks.digital\/es\/","name":"P\u00e1gina de inicio - weiss.bazaks.digital","isPartOf":{"@id":"https:\/\/weiss.bazaks.digital\/es\/#website"},"primaryImageOfPage":{"@id":"https:\/\/weiss.bazaks.digital\/es\/#primaryimage"},"image":{"@id":"https:\/\/weiss.bazaks.digital\/es\/#primaryimage"},"thumbnailUrl":"https:\/\/weiss.bazaks.digital\/wp-content\/uploads\/2024\/07\/logo-weisshorn-w-white.png","datePublished":"2024-07-08T12:23:41+00:00","dateModified":"2024-10-17T13:05:43+00:00","breadcrumb":{"@id":"https:\/\/weiss.bazaks.digital\/es\/#breadcrumb"},"inLanguage":"es","potentialAction":[{"@type":"ReadAction","target":["https:\/\/weiss.bazaks.digital\/es\/"]}]},{"@type":"ImageObject","inLanguage":"es","@id":"https:\/\/weiss.bazaks.digital\/es\/#primaryimage","url":"https:\/\/weiss.bazaks.digital\/wp-content\/uploads\/2024\/07\/logo-weisshorn-w-white.png","contentUrl":"https:\/\/weiss.bazaks.digital\/wp-content\/uploads\/2024\/07\/logo-weisshorn-w-white.png"},{"@type":"BreadcrumbList","@id":"https:\/\/weiss.bazaks.digital\/es\/#breadcrumb","itemListElement":[{"@type":"ListItem","position":1,"name":"Home","item":"https:\/\/weiss.bazaks.digital\/es\/"},{"@type":"ListItem","position":2,"name":"P\u00e1gina de inicio"}]},{"@type":"WebSite","@id":"https:\/\/weiss.bazaks.digital\/es\/#website","url":"https:\/\/weiss.bazaks.digital\/es\/","name":"weiss.bazaks.digital","description":"","publisher":{"@id":"https:\/\/weiss.bazaks.digital\/es\/#organization"},"potentialAction":[{"@type":"SearchAction","target":{"@type":"EntryPoint","urlTemplate":"https:\/\/weiss.bazaks.digital\/es\/?s={search_term_string}"},"query-input":{"@type":"PropertyValueSpecification","valueRequired":true,"valueName":"search_term_string"}}],"inLanguage":"es"},{"@type":"Organization","@id":"https:\/\/weiss.bazaks.digital\/es\/#organization","name":"weiss.bazaks.digital","url":"https:\/\/weiss.bazaks.digital\/es\/","logo":{"@type":"ImageObject","inLanguage":"es","@id":"https:\/\/weiss.bazaks.digital\/es\/#\/schema\/logo\/image\/","url":"https:\/\/weiss.bazaks.digital\/wp-content\/uploads\/2024\/07\/logo-weisshorn.png","contentUrl":"https:\/\/weiss.bazaks.digital\/wp-content\/uploads\/2024\/07\/logo-weisshorn.png","width":228,"height":55,"caption":"weiss.bazaks.digital"},"image":{"@id":"https:\/\/weiss.bazaks.digital\/es\/#\/schema\/logo\/image\/"}}]}},"_links":{"self":[{"href":"https:\/\/weiss.bazaks.digital\/es\/wp-json\/wp\/v2\/pages\/3153"}],"collection":[{"href":"https:\/\/weiss.bazaks.digital\/es\/wp-json\/wp\/v2\/pages"}],"about":[{"href":"https:\/\/weiss.bazaks.digital\/es\/wp-json\/wp\/v2\/types\/page"}],"author":[{"embeddable":true,"href":"https:\/\/weiss.bazaks.digital\/es\/wp-json\/wp\/v2\/users\/1"}],"replies":[{"embeddable":true,"href":"https:\/\/weiss.bazaks.digital\/es\/wp-json\/wp\/v2\/comments?post=3153"}],"version-history":[{"count":5,"href":"https:\/\/weiss.bazaks.digital\/es\/wp-json\/wp\/v2\/pages\/3153\/revisions"}],"predecessor-version":[{"id":3788,"href":"https:\/\/weiss.bazaks.digital\/es\/wp-json\/wp\/v2\/pages\/3153\/revisions\/3788"}],"wp:attachment":[{"href":"https:\/\/weiss.bazaks.digital\/es\/wp-json\/wp\/v2\/media?parent=3153"}],"curies":[{"name":"wp","href":"https:\/\/api.w.org\/{rel}","templated":true}]}}