{"id":3791,"date":"2024-07-17T05:55:38","date_gmt":"2024-07-17T05:55:38","guid":{"rendered":"https:\/\/weiss.bazaks.digital\/inversiones\/"},"modified":"2024-11-08T16:29:47","modified_gmt":"2024-11-08T16:29:47","slug":"inversiones","status":"publish","type":"page","link":"https:\/\/weiss.bazaks.digital\/es\/inversiones\/","title":{"rendered":"Inversiones"},"content":{"rendered":"\t\t<div data-elementor-type=\"wp-page\" data-elementor-id=\"3791\" class=\"elementor elementor-3791 elementor-681\" data-elementor-post-type=\"page\">\n\t\t\t\t<div class=\"elementor-element elementor-element-aa529f2 e-con-full e-flex e-con e-parent\" data-id=\"aa529f2\" data-element_type=\"container\" data-settings=\"{&quot;background_background&quot;:&quot;classic&quot;}\">\n\t\t\t\t<div class=\"elementor-element elementor-element-f1ea4ff animated-slow elementor-invisible elementor-widget elementor-widget-heading\" data-id=\"f1ea4ff\" data-element_type=\"widget\" data-settings=\"{&quot;_animation&quot;:&quot;fadeIn&quot;}\" data-widget_type=\"heading.default\">\n\t\t\t\t<div class=\"elementor-widget-container\">\n\t\t\t\t\t<h1 class=\"elementor-heading-title elementor-size-default\">Inversiones<\/h1>\t\t\t\t<\/div>\n\t\t\t\t<\/div>\n\t\t\t\t<\/div>\n\t\t<div class=\"elementor-element elementor-element-3617582 e-flex e-con-boxed e-con e-parent\" data-id=\"3617582\" data-element_type=\"container\" data-settings=\"{&quot;background_background&quot;:&quot;classic&quot;,&quot;animation&quot;:&quot;none&quot;}\">\n\t\t\t\t\t<div class=\"e-con-inner\">\n\t\t<div class=\"elementor-element elementor-element-cd8e843 e-con-full animated-slow e-flex elementor-invisible e-con e-child\" data-id=\"cd8e843\" data-element_type=\"container\" data-settings=\"{&quot;animation&quot;:&quot;customFadeInUp&quot;}\">\n\t\t\t\t<div class=\"elementor-element elementor-element-0d5b140 animated-slow elementor-widget elementor-widget-image\" data-id=\"0d5b140\" data-element_type=\"widget\" data-settings=\"{&quot;_animation&quot;:&quot;none&quot;}\" data-widget_type=\"image.default\">\n\t\t\t\t<div class=\"elementor-widget-container\">\n\t\t\t\t\t\t\t\t\t\t\t\t\t\t\t<img fetchpriority=\"high\" decoding=\"async\" width=\"653\" height=\"688\" src=\"https:\/\/weiss.bazaks.digital\/wp-content\/uploads\/2024\/07\/illus-investment.jpg\" class=\"attachment-full size-full wp-image-1495\" alt=\"\" srcset=\"https:\/\/weiss.bazaks.digital\/wp-content\/uploads\/2024\/07\/illus-investment.jpg 653w, https:\/\/weiss.bazaks.digital\/wp-content\/uploads\/2024\/07\/illus-investment-285x300.jpg 285w\" sizes=\"(max-width: 653px) 100vw, 653px\" \/>\t\t\t\t\t\t\t\t\t\t\t\t\t\t\t<\/div>\n\t\t\t\t<\/div>\n\t\t\t\t<\/div>\n\t\t<div class=\"elementor-element elementor-element-40e1cd0 e-con-full animated-slow e-flex elementor-invisible e-con e-child\" data-id=\"40e1cd0\" data-element_type=\"container\" data-settings=\"{&quot;animation&quot;:&quot;customFadeInUp&quot;}\">\n\t\t\t\t<div class=\"elementor-element elementor-element-175871d elementor-widget elementor-widget-heading\" data-id=\"175871d\" data-element_type=\"widget\" data-settings=\"{&quot;_animation&quot;:&quot;none&quot;}\" data-widget_type=\"heading.default\">\n\t\t\t\t<div class=\"elementor-widget-container\">\n\t\t\t\t\t<h2 class=\"elementor-heading-title elementor-size-default\">Apasionados por las inversiones, <\/h2>\t\t\t\t<\/div>\n\t\t\t\t<\/div>\n\t\t\t\t<div class=\"elementor-element elementor-element-c072243 animated-slow elementor-widget elementor-widget-heading\" data-id=\"c072243\" data-element_type=\"widget\" data-settings=\"{&quot;_animation&quot;:&quot;none&quot;}\" data-widget_type=\"heading.default\">\n\t\t\t\t<div class=\"elementor-widget-container\">\n\t\t\t\t\t<h3 class=\"elementor-heading-title elementor-size-default\">ofrecemos servicios de gesti\u00f3n de activos privados y colectivos.<\/h3>\t\t\t\t<\/div>\n\t\t\t\t<\/div>\n\t\t\t\t<div class=\"elementor-element elementor-element-3cd6fae blkWysiwyg animated-slow elementor-widget elementor-widget-text-editor\" data-id=\"3cd6fae\" data-element_type=\"widget\" data-settings=\"{&quot;_animation&quot;:&quot;none&quot;}\" data-widget_type=\"text-editor.default\">\n\t\t\t\t<div class=\"elementor-widget-container\">\n\t\t\t\t\t\t\t\t\t<p>Para ayudarle a alcanzar sus objetivos de inversi\u00f3n, Weisshorn Asset Management SA emplea un riguroso proceso de inversi\u00f3n que es auditado anualmente por la Autoridad Suiza de Supervisi\u00f3n de los Mercados Financieros (FINMA). Estamos plenamente registrados y autorizados en virtud de la Ley Federal Suiza de Instituciones de Inversi\u00f3n Colectiva (CISA), una distinci\u00f3n que s\u00f3lo ostentan 350 de las aproximadamente 2.500 sociedades de gesti\u00f3n de Suiza.<\/p>\n<p>Nuestros amplios servicios abarcan tanto los mercados cotizados como los privados. En Capital Riesgo, colaboramos con socios de larga trayectoria y altamente cualificados, lo que garantiza el m\u00e1ximo nivel de experiencia.<\/p>\n<p>Tanto si busca consolidar sus activos como si necesita una supervisi\u00f3n continua de su cartera, le ofrecemos una visi\u00f3n hol\u00edstica de la progresi\u00f3n de su patrimonio.<\/p>\n<p>Nuestra filosof\u00eda de inversi\u00f3n se basa en la sencillez y la claridad, y se centra en convicciones s\u00f3lidas y coherentes a largo plazo. Evitamos las previsiones a corto plazo que pueden provocar una erosi\u00f3n del valor.<\/p>\n<p>Para mejorar a\u00fan m\u00e1s nuestros servicios, colaboramos con reconocidos especialistas externos, dando siempre prioridad a los mejores intereses de nuestros clientes.<\/p>\n\t\t\t\t\t\t\t\t<\/div>\n\t\t\t\t<\/div>\n\t\t\t\t<\/div>\n\t\t\t\t\t<\/div>\n\t\t\t\t<\/div>\n\t\t<div class=\"elementor-element elementor-element-9e13d3a e-con-full e-flex e-con e-parent\" data-id=\"9e13d3a\" data-element_type=\"container\" data-settings=\"{&quot;background_background&quot;:&quot;classic&quot;}\">\n\t\t<div class=\"elementor-element elementor-element-f1e74cb animated-slow e-flex e-con-boxed elementor-invisible e-con e-child\" data-id=\"f1e74cb\" data-element_type=\"container\" data-settings=\"{&quot;animation&quot;:&quot;fadeIn&quot;}\">\n\t\t\t\t\t<div class=\"e-con-inner\">\n\t\t<div class=\"elementor-element elementor-element-aefa070 e-con-full e-flex e-con e-child\" data-id=\"aefa070\" data-element_type=\"container\">\n\t\t\t\t<div class=\"elementor-element elementor-element-7e604d4 elementor-widget elementor-widget-heading\" data-id=\"7e604d4\" data-element_type=\"widget\" data-widget_type=\"heading.default\">\n\t\t\t\t<div class=\"elementor-widget-container\">\n\t\t\t\t\t<h2 class=\"elementor-heading-title elementor-size-default\">Pol\u00edtica de Inversi\u00f3n<\/h2>\t\t\t\t<\/div>\n\t\t\t\t<\/div>\n\t\t\t\t<div class=\"elementor-element elementor-element-4685c49 elementor-widget elementor-widget-text-editor\" data-id=\"4685c49\" data-element_type=\"widget\" data-widget_type=\"text-editor.default\">\n\t\t\t\t<div class=\"elementor-widget-container\">\n\t\t\t\t\t\t\t\t\t<p>El Comit\u00e9 de Gesti\u00f3n se re\u00fane semanalmente para analizar par\u00e1metros clave, como el riesgo, la gesti\u00f3n operativa, la adecuaci\u00f3n de los productos a los objetivos y las correlaciones de inversi\u00f3n. Estos debates son esenciales para dar forma a las decisiones estrat\u00e9gicas tanto de los organismos de inversi\u00f3n colectiva como de las carteras privadas. Adem\u00e1s de estos comit\u00e9s semanales, nuestro Comit\u00e9 de Inversiones se re\u00fane trimestralmente para revisar y actualizar el proceso y las pol\u00edticas de inversi\u00f3n. Este Comit\u00e9 est\u00e1 compuesto por los siguientes miembros Thierry Michel, Director General Alexandre Gulino, CIIA, CIO Alexandre Bouchardy, CFA, Responsable de Renta Fija Lucas Matti, CFA, Gestor de cartera<\/p>\n\t\t\t\t\t\t\t\t<\/div>\n\t\t\t\t<\/div>\n\t\t\t\t<\/div>\n\t\t<div class=\"elementor-element elementor-element-7b362ca e-con-full e-flex e-con e-child\" data-id=\"7b362ca\" data-element_type=\"container\">\n\t\t\t\t<div class=\"elementor-element elementor-element-51bb99b elementor-widget elementor-widget-image\" data-id=\"51bb99b\" data-element_type=\"widget\" data-widget_type=\"image.default\">\n\t\t\t\t<div class=\"elementor-widget-container\">\n\t\t\t\t\t\t\t\t\t\t\t\t\t\t\t<img decoding=\"async\" width=\"1920\" height=\"1080\" src=\"https:\/\/weiss.bazaks.digital\/wp-content\/uploads\/2024\/10\/ESP_inv.png\" class=\"attachment-full size-full wp-image-4059\" alt=\"\" srcset=\"https:\/\/weiss.bazaks.digital\/wp-content\/uploads\/2024\/10\/ESP_inv.png 1920w, https:\/\/weiss.bazaks.digital\/wp-content\/uploads\/2024\/10\/ESP_inv-300x169.png 300w, https:\/\/weiss.bazaks.digital\/wp-content\/uploads\/2024\/10\/ESP_inv-1024x576.png 1024w, https:\/\/weiss.bazaks.digital\/wp-content\/uploads\/2024\/10\/ESP_inv-768x432.png 768w, https:\/\/weiss.bazaks.digital\/wp-content\/uploads\/2024\/10\/ESP_inv-1536x864.png 1536w\" sizes=\"(max-width: 1920px) 100vw, 1920px\" \/>\t\t\t\t\t\t\t\t\t\t\t\t\t\t\t<\/div>\n\t\t\t\t<\/div>\n\t\t\t\t<\/div>\n\t\t\t\t\t<\/div>\n\t\t\t\t<\/div>\n\t\t<div class=\"elementor-element elementor-element-7f0c18c animated-slow e-flex e-con-boxed elementor-invisible e-con e-child\" data-id=\"7f0c18c\" data-element_type=\"container\" data-settings=\"{&quot;animation&quot;:&quot;fadeIn&quot;}\">\n\t\t\t\t\t<div class=\"e-con-inner\">\n\t\t<div class=\"elementor-element elementor-element-b8fd230 e-con-full e-flex e-con e-child\" data-id=\"b8fd230\" data-element_type=\"container\">\n\t\t\t\t<div class=\"elementor-element elementor-element-963720c elementor-widget elementor-widget-heading\" data-id=\"963720c\" data-element_type=\"widget\" data-widget_type=\"heading.default\">\n\t\t\t\t<div class=\"elementor-widget-container\">\n\t\t\t\t\t<h2 class=\"elementor-heading-title elementor-size-default\">Gesti\u00f3n de Patrimonio<\/h2>\t\t\t\t<\/div>\n\t\t\t\t<\/div>\n\t\t\t\t<div class=\"elementor-element elementor-element-c3b9563 elementor-widget elementor-widget-text-editor\" data-id=\"c3b9563\" data-element_type=\"widget\" data-widget_type=\"text-editor.default\">\n\t\t\t\t<div class=\"elementor-widget-container\">\n\t\t\t\t\t\t\t\t\t<p>Weisshorn Asset Management SA ofrece mandatos discrecionales, cuidadosamente adaptados a las necesidades espec\u00edficas de cada cliente y a su tolerancia al riesgo.<\/p>\n<p>Mediante una comprensi\u00f3n exhaustiva de los objetivos financieros y la aversi\u00f3n al riesgo de nuestros clientes, establecemos perfiles de riesgo detallados que gu\u00edan nuestras estrategias de inversi\u00f3n.<\/p>\n<p>La diversificaci\u00f3n en una amplia gama de clases de activos es un principio fundamental de nuestro enfoque. Creemos que una construcci\u00f3n meditada de la cartera no s\u00f3lo aumenta la rentabilidad potencial, sino que tambi\u00e9n proporciona la mejor relaci\u00f3n riesgo\/rentabilidad en los distintos ciclos del mercado.<\/p>\n<p>Al supervisar y ajustar constantemente las carteras, nos aseguramos de que las inversiones de nuestros clientes sigan siendo resistentes y est\u00e9n bien posicionadas para el crecimiento a largo plazo.<\/p>\n\t\t\t\t\t\t\t\t<\/div>\n\t\t\t\t<\/div>\n\t\t\t\t<\/div>\n\t\t<div class=\"elementor-element elementor-element-4ec6925 e-con-full e-flex e-con e-child\" data-id=\"4ec6925\" data-element_type=\"container\">\n\t\t\t\t<div class=\"elementor-element elementor-element-92971c9 elementor-widget__width-initial elementor-widget elementor-widget-video\" data-id=\"92971c9\" data-element_type=\"widget\" data-settings=\"{&quot;video_type&quot;:&quot;hosted&quot;,&quot;autoplay&quot;:&quot;yes&quot;,&quot;mute&quot;:&quot;yes&quot;,&quot;loop&quot;:&quot;yes&quot;}\" data-widget_type=\"video.default\">\n\t\t\t\t<div class=\"elementor-widget-container\">\n\t\t\t\t\t\t\t<div class=\"e-hosted-video elementor-wrapper elementor-open-inline\">\n\t\t\t\t\t<video class=\"elementor-video\" src=\"https:\/\/weiss.bazaks.digital\/wp-content\/uploads\/2024\/10\/ESP_Consruction-PF.mp4\" autoplay=\"\" loop=\"\" muted=\"muted\" controlsList=\"nodownload\"><\/video>\n\t\t\t\t<\/div>\n\t\t\t\t\t\t<\/div>\n\t\t\t\t<\/div>\n\t\t\t\t<\/div>\n\t\t\t\t\t<\/div>\n\t\t\t\t<\/div>\n\t\t<div class=\"elementor-element elementor-element-05825ef animated-slow e-flex e-con-boxed elementor-invisible e-con e-child\" data-id=\"05825ef\" data-element_type=\"container\" data-settings=\"{&quot;animation&quot;:&quot;fadeIn&quot;}\">\n\t\t\t\t\t<div class=\"e-con-inner\">\n\t\t<div class=\"elementor-element elementor-element-bfe63e9 e-con-full e-flex e-con e-child\" data-id=\"bfe63e9\" data-element_type=\"container\">\n\t\t\t\t<div class=\"elementor-element elementor-element-d07fd8d elementor-widget elementor-widget-heading\" data-id=\"d07fd8d\" data-element_type=\"widget\" data-widget_type=\"heading.default\">\n\t\t\t\t<div class=\"elementor-widget-container\">\n\t\t\t\t\t<h2 class=\"elementor-heading-title elementor-size-default\">Gesti\u00f3n de Activos<\/h2>\t\t\t\t<\/div>\n\t\t\t\t<\/div>\n\t\t\t\t<div class=\"elementor-element elementor-element-72174a3 elementor-widget elementor-widget-text-editor\" data-id=\"72174a3\" data-element_type=\"widget\" data-widget_type=\"text-editor.default\">\n\t\t\t\t<div class=\"elementor-widget-container\">\n\t\t\t\t\t\t\t\t\t<p>En Weisshorn Asset Management SA, gestionamos veh\u00edculos de inversi\u00f3n en una variedad de temas y objetivos.<\/p>\n<p>Nuestra licencia CISA, concedida por la FINMA, nos autoriza a ofrecer una diversa gama de fondos de inversi\u00f3n adaptados a las necesidades espec\u00edficas de nuestros clientes.<\/p>\n<p>Ofrecemos a nuestros clientes institucionales soluciones personalizadas, desarrolladas mediante una comunicaci\u00f3n permanente, para alcanzar eficazmente sus objetivos espec\u00edficos.<\/p>\n\t\t\t\t\t\t\t\t<\/div>\n\t\t\t\t<\/div>\n\t\t\t\t<\/div>\n\t\t<div class=\"elementor-element elementor-element-0bdda55 e-con-full e-flex e-con e-child\" data-id=\"0bdda55\" data-element_type=\"container\">\n\t\t\t\t<div class=\"elementor-element elementor-element-9eecb9c elementor-widget elementor-widget-image\" data-id=\"9eecb9c\" data-element_type=\"widget\" data-widget_type=\"image.default\">\n\t\t\t\t<div class=\"elementor-widget-container\">\n\t\t\t\t\t\t\t\t\t\t\t\t\t\t\t<img decoding=\"async\" width=\"1920\" height=\"1080\" src=\"https:\/\/weiss.bazaks.digital\/wp-content\/uploads\/2024\/10\/3rd-pic.png\" class=\"attachment-full size-full wp-image-4046\" alt=\"\" srcset=\"https:\/\/weiss.bazaks.digital\/wp-content\/uploads\/2024\/10\/3rd-pic.png 1920w, https:\/\/weiss.bazaks.digital\/wp-content\/uploads\/2024\/10\/3rd-pic-300x169.png 300w, https:\/\/weiss.bazaks.digital\/wp-content\/uploads\/2024\/10\/3rd-pic-1024x576.png 1024w, https:\/\/weiss.bazaks.digital\/wp-content\/uploads\/2024\/10\/3rd-pic-768x432.png 768w, https:\/\/weiss.bazaks.digital\/wp-content\/uploads\/2024\/10\/3rd-pic-1536x864.png 1536w\" sizes=\"(max-width: 1920px) 100vw, 1920px\" \/>\t\t\t\t\t\t\t\t\t\t\t\t\t\t\t<\/div>\n\t\t\t\t<\/div>\n\t\t\t\t<\/div>\n\t\t\t\t\t<\/div>\n\t\t\t\t<\/div>\n\t\t\t\t<\/div>\n\t\t<div class=\"elementor-element elementor-element-acd8212 e-con-full animated-slow e-flex elementor-invisible e-con e-parent\" data-id=\"acd8212\" data-element_type=\"container\" data-settings=\"{&quot;background_background&quot;:&quot;classic&quot;,&quot;animation&quot;:&quot;fadeIn&quot;}\">\n\t\t\t\t<div class=\"elementor-element elementor-element-4f08a2e elementor-widget elementor-widget-heading\" data-id=\"4f08a2e\" data-element_type=\"widget\" data-widget_type=\"heading.default\">\n\t\t\t\t<div class=\"elementor-widget-container\">\n\t\t\t\t\t<h2 class=\"elementor-heading-title elementor-size-default\">NOTICIAS PRINCIPALES  DEL WALL STREET JOURNAL<\/h2>\t\t\t\t<\/div>\n\t\t\t\t<\/div>\n\t\t<div class=\"elementor-element elementor-element-26bd898 e-flex e-con-boxed e-con e-child\" data-id=\"26bd898\" data-element_type=\"container\">\n\t\t\t\t\t<div class=\"e-con-inner\">\n\t\t\t\t<div class=\"elementor-element elementor-element-2b16168 elementor-widget elementor-widget-html\" data-id=\"2b16168\" data-element_type=\"widget\" data-widget_type=\"html.default\">\n\t\t\t\t<div class=\"elementor-widget-container\">\n\t\t\t\t\t<div id=\"rss-feeds\"><\/div>\t\t\t\t<\/div>\n\t\t\t\t<\/div>\n\t\t\t\t\t<\/div>\n\t\t\t\t<\/div>\n\t\t\t\t<\/div>\n\t\t<div class=\"elementor-element elementor-element-adc2855 e-flex e-con-boxed e-con e-parent\" data-id=\"adc2855\" data-element_type=\"container\" data-settings=\"{&quot;background_background&quot;:&quot;classic&quot;}\">\n\t\t\t\t\t<div class=\"e-con-inner\">\n\t\t\t\t<div class=\"elementor-element elementor-element-52b7a7d animated-slow elementor-invisible elementor-widget elementor-widget-heading\" data-id=\"52b7a7d\" data-element_type=\"widget\" data-settings=\"{&quot;_animation&quot;:&quot;customFadeInUp&quot;,&quot;motion_fx_motion_fx_scrolling&quot;:&quot;yes&quot;,&quot;motion_fx_devices&quot;:[&quot;desktop&quot;,&quot;tablet&quot;,&quot;mobile&quot;]}\" data-widget_type=\"heading.default\">\n\t\t\t\t<div class=\"elementor-widget-container\">\n\t\t\t\t\t<h2 class=\"elementor-heading-title elementor-size-default\">Weisshorn es su refugio en un entorno de mercados tumultuosos<\/h2>\t\t\t\t<\/div>\n\t\t\t\t<\/div>\n\t\t\t\t\t<\/div>\n\t\t\t\t<\/div>\n\t\t\t\t<\/div>\n\t\t","protected":false},"excerpt":{"rendered":"<p>Apasionados por las inversiones, ofrecemos servicios de gesti\u00f3n de activos privados y colectivos. Para ayudarle a alcanzar sus objetivos de inversi\u00f3n, Weisshorn Asset Management SA emplea un riguroso proceso de inversi\u00f3n que es auditado anualmente por la Autoridad Suiza de Supervisi\u00f3n de los Mercados Financieros (FINMA). Estamos plenamente registrados y autorizados en virtud de la [&hellip;]<\/p>\n","protected":false},"author":1,"featured_media":0,"parent":0,"menu_order":0,"comment_status":"closed","ping_status":"closed","template":"elementor_header_footer","meta":{"_acf_changed":false,"footnotes":""},"acf":[],"yoast_head":"<!-- This site is optimized with the Yoast SEO plugin v23.7 - https:\/\/yoast.com\/wordpress\/plugins\/seo\/ -->\n<title>Inversiones - weiss.bazaks.digital<\/title>\n<meta name=\"robots\" content=\"index, follow, max-snippet:-1, max-image-preview:large, max-video-preview:-1\" \/>\n<link rel=\"canonical\" href=\"https:\/\/weiss.bazaks.digital\/es\/inversiones\/\" \/>\n<meta property=\"og:locale\" content=\"es_ES\" \/>\n<meta property=\"og:type\" content=\"article\" \/>\n<meta property=\"og:title\" content=\"Inversiones - weiss.bazaks.digital\" \/>\n<meta property=\"og:description\" content=\"Apasionados por las inversiones, ofrecemos servicios de gesti\u00f3n de activos privados y colectivos. Para ayudarle a alcanzar sus objetivos de inversi\u00f3n, Weisshorn Asset Management SA emplea un riguroso proceso de inversi\u00f3n que es auditado anualmente por la Autoridad Suiza de Supervisi\u00f3n de los Mercados Financieros (FINMA). Estamos plenamente registrados y autorizados en virtud de la [&hellip;]\" \/>\n<meta property=\"og:url\" content=\"https:\/\/weiss.bazaks.digital\/es\/inversiones\/\" \/>\n<meta property=\"og:site_name\" content=\"weiss.bazaks.digital\" \/>\n<meta property=\"article:modified_time\" content=\"2024-11-08T16:29:47+00:00\" \/>\n<meta property=\"og:image\" content=\"https:\/\/weiss.bazaks.digital\/wp-content\/uploads\/2024\/07\/illus-investment.jpg\" \/>\n\t<meta property=\"og:image:width\" content=\"653\" \/>\n\t<meta property=\"og:image:height\" content=\"688\" \/>\n\t<meta property=\"og:image:type\" content=\"image\/jpeg\" \/>\n<meta name=\"twitter:card\" content=\"summary_large_image\" \/>\n<meta name=\"twitter:label1\" content=\"Tiempo de lectura\" \/>\n\t<meta name=\"twitter:data1\" content=\"3 minutos\" \/>\n<script type=\"application\/ld+json\" class=\"yoast-schema-graph\">{\"@context\":\"https:\/\/schema.org\",\"@graph\":[{\"@type\":\"WebPage\",\"@id\":\"https:\/\/weiss.bazaks.digital\/es\/inversiones\/\",\"url\":\"https:\/\/weiss.bazaks.digital\/es\/inversiones\/\",\"name\":\"Inversiones - weiss.bazaks.digital\",\"isPartOf\":{\"@id\":\"https:\/\/weiss.bazaks.digital\/es\/#website\"},\"primaryImageOfPage\":{\"@id\":\"https:\/\/weiss.bazaks.digital\/es\/inversiones\/#primaryimage\"},\"image\":{\"@id\":\"https:\/\/weiss.bazaks.digital\/es\/inversiones\/#primaryimage\"},\"thumbnailUrl\":\"https:\/\/weiss.bazaks.digital\/wp-content\/uploads\/2024\/07\/illus-investment.jpg\",\"datePublished\":\"2024-07-17T05:55:38+00:00\",\"dateModified\":\"2024-11-08T16:29:47+00:00\",\"breadcrumb\":{\"@id\":\"https:\/\/weiss.bazaks.digital\/es\/inversiones\/#breadcrumb\"},\"inLanguage\":\"es\",\"potentialAction\":[{\"@type\":\"ReadAction\",\"target\":[\"https:\/\/weiss.bazaks.digital\/es\/inversiones\/\"]}]},{\"@type\":\"ImageObject\",\"inLanguage\":\"es\",\"@id\":\"https:\/\/weiss.bazaks.digital\/es\/inversiones\/#primaryimage\",\"url\":\"https:\/\/weiss.bazaks.digital\/wp-content\/uploads\/2024\/07\/illus-investment.jpg\",\"contentUrl\":\"https:\/\/weiss.bazaks.digital\/wp-content\/uploads\/2024\/07\/illus-investment.jpg\"},{\"@type\":\"BreadcrumbList\",\"@id\":\"https:\/\/weiss.bazaks.digital\/es\/inversiones\/#breadcrumb\",\"itemListElement\":[{\"@type\":\"ListItem\",\"position\":1,\"name\":\"Home\",\"item\":\"https:\/\/weiss.bazaks.digital\/es\/\"},{\"@type\":\"ListItem\",\"position\":2,\"name\":\"Inversiones\"}]},{\"@type\":\"WebSite\",\"@id\":\"https:\/\/weiss.bazaks.digital\/es\/#website\",\"url\":\"https:\/\/weiss.bazaks.digital\/es\/\",\"name\":\"weiss.bazaks.digital\",\"description\":\"\",\"publisher\":{\"@id\":\"https:\/\/weiss.bazaks.digital\/es\/#organization\"},\"potentialAction\":[{\"@type\":\"SearchAction\",\"target\":{\"@type\":\"EntryPoint\",\"urlTemplate\":\"https:\/\/weiss.bazaks.digital\/es\/?s={search_term_string}\"},\"query-input\":{\"@type\":\"PropertyValueSpecification\",\"valueRequired\":true,\"valueName\":\"search_term_string\"}}],\"inLanguage\":\"es\"},{\"@type\":\"Organization\",\"@id\":\"https:\/\/weiss.bazaks.digital\/es\/#organization\",\"name\":\"weiss.bazaks.digital\",\"url\":\"https:\/\/weiss.bazaks.digital\/es\/\",\"logo\":{\"@type\":\"ImageObject\",\"inLanguage\":\"es\",\"@id\":\"https:\/\/weiss.bazaks.digital\/es\/#\/schema\/logo\/image\/\",\"url\":\"https:\/\/weiss.bazaks.digital\/wp-content\/uploads\/2024\/07\/logo-weisshorn.png\",\"contentUrl\":\"https:\/\/weiss.bazaks.digital\/wp-content\/uploads\/2024\/07\/logo-weisshorn.png\",\"width\":228,\"height\":55,\"caption\":\"weiss.bazaks.digital\"},\"image\":{\"@id\":\"https:\/\/weiss.bazaks.digital\/es\/#\/schema\/logo\/image\/\"}}]}<\/script>\n<!-- \/ Yoast SEO plugin. -->","yoast_head_json":{"title":"Inversiones - weiss.bazaks.digital","robots":{"index":"index","follow":"follow","max-snippet":"max-snippet:-1","max-image-preview":"max-image-preview:large","max-video-preview":"max-video-preview:-1"},"canonical":"https:\/\/weiss.bazaks.digital\/es\/inversiones\/","og_locale":"es_ES","og_type":"article","og_title":"Inversiones - weiss.bazaks.digital","og_description":"Apasionados por las inversiones, ofrecemos servicios de gesti\u00f3n de activos privados y colectivos. Para ayudarle a alcanzar sus objetivos de inversi\u00f3n, Weisshorn Asset Management SA emplea un riguroso proceso de inversi\u00f3n que es auditado anualmente por la Autoridad Suiza de Supervisi\u00f3n de los Mercados Financieros (FINMA). Estamos plenamente registrados y autorizados en virtud de la [&hellip;]","og_url":"https:\/\/weiss.bazaks.digital\/es\/inversiones\/","og_site_name":"weiss.bazaks.digital","article_modified_time":"2024-11-08T16:29:47+00:00","og_image":[{"width":653,"height":688,"url":"https:\/\/weiss.bazaks.digital\/wp-content\/uploads\/2024\/07\/illus-investment.jpg","type":"image\/jpeg"}],"twitter_card":"summary_large_image","twitter_misc":{"Tiempo de lectura":"3 minutos"},"schema":{"@context":"https:\/\/schema.org","@graph":[{"@type":"WebPage","@id":"https:\/\/weiss.bazaks.digital\/es\/inversiones\/","url":"https:\/\/weiss.bazaks.digital\/es\/inversiones\/","name":"Inversiones - weiss.bazaks.digital","isPartOf":{"@id":"https:\/\/weiss.bazaks.digital\/es\/#website"},"primaryImageOfPage":{"@id":"https:\/\/weiss.bazaks.digital\/es\/inversiones\/#primaryimage"},"image":{"@id":"https:\/\/weiss.bazaks.digital\/es\/inversiones\/#primaryimage"},"thumbnailUrl":"https:\/\/weiss.bazaks.digital\/wp-content\/uploads\/2024\/07\/illus-investment.jpg","datePublished":"2024-07-17T05:55:38+00:00","dateModified":"2024-11-08T16:29:47+00:00","breadcrumb":{"@id":"https:\/\/weiss.bazaks.digital\/es\/inversiones\/#breadcrumb"},"inLanguage":"es","potentialAction":[{"@type":"ReadAction","target":["https:\/\/weiss.bazaks.digital\/es\/inversiones\/"]}]},{"@type":"ImageObject","inLanguage":"es","@id":"https:\/\/weiss.bazaks.digital\/es\/inversiones\/#primaryimage","url":"https:\/\/weiss.bazaks.digital\/wp-content\/uploads\/2024\/07\/illus-investment.jpg","contentUrl":"https:\/\/weiss.bazaks.digital\/wp-content\/uploads\/2024\/07\/illus-investment.jpg"},{"@type":"BreadcrumbList","@id":"https:\/\/weiss.bazaks.digital\/es\/inversiones\/#breadcrumb","itemListElement":[{"@type":"ListItem","position":1,"name":"Home","item":"https:\/\/weiss.bazaks.digital\/es\/"},{"@type":"ListItem","position":2,"name":"Inversiones"}]},{"@type":"WebSite","@id":"https:\/\/weiss.bazaks.digital\/es\/#website","url":"https:\/\/weiss.bazaks.digital\/es\/","name":"weiss.bazaks.digital","description":"","publisher":{"@id":"https:\/\/weiss.bazaks.digital\/es\/#organization"},"potentialAction":[{"@type":"SearchAction","target":{"@type":"EntryPoint","urlTemplate":"https:\/\/weiss.bazaks.digital\/es\/?s={search_term_string}"},"query-input":{"@type":"PropertyValueSpecification","valueRequired":true,"valueName":"search_term_string"}}],"inLanguage":"es"},{"@type":"Organization","@id":"https:\/\/weiss.bazaks.digital\/es\/#organization","name":"weiss.bazaks.digital","url":"https:\/\/weiss.bazaks.digital\/es\/","logo":{"@type":"ImageObject","inLanguage":"es","@id":"https:\/\/weiss.bazaks.digital\/es\/#\/schema\/logo\/image\/","url":"https:\/\/weiss.bazaks.digital\/wp-content\/uploads\/2024\/07\/logo-weisshorn.png","contentUrl":"https:\/\/weiss.bazaks.digital\/wp-content\/uploads\/2024\/07\/logo-weisshorn.png","width":228,"height":55,"caption":"weiss.bazaks.digital"},"image":{"@id":"https:\/\/weiss.bazaks.digital\/es\/#\/schema\/logo\/image\/"}}]}},"_links":{"self":[{"href":"https:\/\/weiss.bazaks.digital\/es\/wp-json\/wp\/v2\/pages\/3791"}],"collection":[{"href":"https:\/\/weiss.bazaks.digital\/es\/wp-json\/wp\/v2\/pages"}],"about":[{"href":"https:\/\/weiss.bazaks.digital\/es\/wp-json\/wp\/v2\/types\/page"}],"author":[{"embeddable":true,"href":"https:\/\/weiss.bazaks.digital\/es\/wp-json\/wp\/v2\/users\/1"}],"replies":[{"embeddable":true,"href":"https:\/\/weiss.bazaks.digital\/es\/wp-json\/wp\/v2\/comments?post=3791"}],"version-history":[{"count":20,"href":"https:\/\/weiss.bazaks.digital\/es\/wp-json\/wp\/v2\/pages\/3791\/revisions"}],"predecessor-version":[{"id":4259,"href":"https:\/\/weiss.bazaks.digital\/es\/wp-json\/wp\/v2\/pages\/3791\/revisions\/4259"}],"wp:attachment":[{"href":"https:\/\/weiss.bazaks.digital\/es\/wp-json\/wp\/v2\/media?parent=3791"}],"curies":[{"name":"wp","href":"https:\/\/api.w.org\/{rel}","templated":true}]}}