{"id":1824,"date":"2024-07-08T12:23:41","date_gmt":"2024-07-08T12:23:41","guid":{"rendered":"https:\/\/weiss.bazaks.digital\/accueil\/"},"modified":"2024-10-16T14:42:36","modified_gmt":"2024-10-16T14:42:36","slug":"accueil","status":"publish","type":"page","link":"https:\/\/weiss.bazaks.digital\/fr\/","title":{"rendered":"Accueil"},"content":{"rendered":"\t\t<div data-elementor-type=\"wp-page\" data-elementor-id=\"1824\" class=\"elementor elementor-1824 elementor-27\" data-elementor-post-type=\"page\">\n\t\t\t\t<div class=\"elementor-element elementor-element-37d7b63 e-con-full mainBanner animated-slow e-flex elementor-invisible e-con e-parent\" data-id=\"37d7b63\" data-element_type=\"container\" data-settings=\"{&quot;animation&quot;:&quot;fadeIn&quot;}\">\n\t\t\t\t<div class=\"elementor-element elementor-element-bd03082 elementor-widget elementor-widget-video\" data-id=\"bd03082\" data-element_type=\"widget\" data-settings=\"{&quot;video_type&quot;:&quot;hosted&quot;,&quot;autoplay&quot;:&quot;yes&quot;,&quot;play_on_mobile&quot;:&quot;yes&quot;,&quot;mute&quot;:&quot;yes&quot;,&quot;loop&quot;:&quot;yes&quot;}\" data-widget_type=\"video.default\">\n\t\t\t\t<div class=\"elementor-widget-container\">\n\t\t\t\t\t\t\t<div class=\"e-hosted-video elementor-wrapper elementor-open-inline\">\n\t\t\t\t\t<video class=\"elementor-video\" src=\"https:\/\/weiss.bazaks.digital\/wp-content\/uploads\/2024\/07\/1145-1155.mp4\" autoplay=\"\" loop=\"\" muted=\"muted\" playsinline=\"\" controlsList=\"nodownload\"><\/video>\n\t\t\t\t<\/div>\n\t\t\t\t\t\t<\/div>\n\t\t\t\t<\/div>\n\t\t<div class=\"elementor-element elementor-element-eec84ec mainBannerInfo e-con-full animated-slow e-flex elementor-invisible e-con e-child\" data-id=\"eec84ec\" data-element_type=\"container\" data-settings=\"{&quot;animation&quot;:&quot;customFadeInUp&quot;,&quot;animation_delay&quot;:500}\">\n\t\t\t\t<div class=\"elementor-element elementor-element-abd807b elementor-widget elementor-widget-image\" data-id=\"abd807b\" data-element_type=\"widget\" data-widget_type=\"image.default\">\n\t\t\t\t<div class=\"elementor-widget-container\">\n\t\t\t\t\t\t\t\t\t\t\t\t\t\t\t<img decoding=\"async\" width=\"228\" height=\"34\" src=\"https:\/\/weiss.bazaks.digital\/wp-content\/uploads\/2024\/07\/logo-weisshorn-w-white.png\" class=\"attachment-large size-large wp-image-1500\" alt=\"\" \/>\t\t\t\t\t\t\t\t\t\t\t\t\t\t\t<\/div>\n\t\t\t\t<\/div>\n\t\t\t\t<\/div>\n\t\t\t\t<\/div>\n\t\t<div class=\"elementor-element elementor-element-55cea10 animated-fast e-flex e-con-boxed e-con e-parent\" data-id=\"55cea10\" data-element_type=\"container\" data-settings=\"{&quot;background_background&quot;:&quot;classic&quot;,&quot;animation&quot;:&quot;none&quot;}\">\n\t\t\t\t\t<div class=\"e-con-inner\">\n\t\t<div class=\"elementor-element elementor-element-9bcbc45 e-con-full animated-slow e-flex elementor-invisible e-con e-child\" data-id=\"9bcbc45\" data-element_type=\"container\" data-settings=\"{&quot;animation&quot;:&quot;customFadeInUp&quot;,&quot;animation_delay&quot;:500}\">\n\t\t\t\t<div class=\"elementor-element elementor-element-5c7622e elementor-widget elementor-widget-heading\" data-id=\"5c7622e\" data-element_type=\"widget\" data-widget_type=\"heading.default\">\n\t\t\t\t<div class=\"elementor-widget-container\">\n\t\t\t\t\t<h3 class=\"elementor-heading-title elementor-size-default\">Weisshorn Asset Management&nbsp;<\/h3>\t\t\t\t<\/div>\n\t\t\t\t<\/div>\n\t\t\t\t<\/div>\n\t\t<div class=\"elementor-element elementor-element-77d95b3 e-con-full animated-slow e-flex elementor-invisible e-con e-child\" data-id=\"77d95b3\" data-element_type=\"container\" data-settings=\"{&quot;animation&quot;:&quot;customFadeInUp&quot;,&quot;animation_delay&quot;:1000}\">\n\t\t\t\t<div class=\"elementor-element elementor-element-a0088eb elementor-widget elementor-widget-image\" data-id=\"a0088eb\" data-element_type=\"widget\" data-widget_type=\"image.default\">\n\t\t\t\t<div class=\"elementor-widget-container\">\n\t\t\t\t\t\t\t\t\t\t\t\t\t\t\t<img fetchpriority=\"high\" decoding=\"async\" width=\"800\" height=\"534\" src=\"https:\/\/weiss.bazaks.digital\/wp-content\/uploads\/2024\/08\/pexels-martin-alvarez-mullally-703142347-18134282-1024x683.jpg\" class=\"attachment-large size-large wp-image-1971\" alt=\"\" srcset=\"https:\/\/weiss.bazaks.digital\/wp-content\/uploads\/2024\/08\/pexels-martin-alvarez-mullally-703142347-18134282-1024x683.jpg 1024w, https:\/\/weiss.bazaks.digital\/wp-content\/uploads\/2024\/08\/pexels-martin-alvarez-mullally-703142347-18134282-300x200.jpg 300w, https:\/\/weiss.bazaks.digital\/wp-content\/uploads\/2024\/08\/pexels-martin-alvarez-mullally-703142347-18134282-768x512.jpg 768w, https:\/\/weiss.bazaks.digital\/wp-content\/uploads\/2024\/08\/pexels-martin-alvarez-mullally-703142347-18134282-1536x1024.jpg 1536w, https:\/\/weiss.bazaks.digital\/wp-content\/uploads\/2024\/08\/pexels-martin-alvarez-mullally-703142347-18134282-2048x1365.jpg 2048w\" sizes=\"(max-width: 800px) 100vw, 800px\" \/>\t\t\t\t\t\t\t\t\t\t\t\t\t\t\t<\/div>\n\t\t\t\t<\/div>\n\t\t\t\t<\/div>\n\t\t<div class=\"elementor-element elementor-element-c19a11c e-con-full animated-slow e-flex elementor-invisible e-con e-child\" data-id=\"c19a11c\" data-element_type=\"container\" data-settings=\"{&quot;animation&quot;:&quot;customFadeInUp&quot;,&quot;animation_delay&quot;:1000}\">\n\t\t\t\t<div class=\"elementor-element elementor-element-3b65fc3 blkWysiwyg elementor-widget elementor-widget-text-editor\" data-id=\"3b65fc3\" data-element_type=\"widget\" data-widget_type=\"text-editor.default\">\n\t\t\t\t<div class=\"elementor-widget-container\">\n\t\t\t\t\t\t\t\t\t<p><strong>Weisshorn Asset Management SA<\/strong>, soci\u00e9t\u00e9 ind\u00e9pendante de gestion de fortune bas\u00e9e \u00e0 Gen\u00e8ve, est sp\u00e9cialis\u00e9e dans les solutions de gestion d&rsquo;investissement et de services de conseil \u00e0 des clients priv\u00e9s.<\/p>\n<p>L&rsquo;engagement de Weisshorn consiste \u00e0 fournir des strat\u00e9gies financi\u00e8res personnalis\u00e9es et des conseils impartiaux, en mettant l&rsquo;accent sur la sauvegarde et l&rsquo;am\u00e9lioration du patrimoine des clients pour les g\u00e9n\u00e9rations futures.<\/p>\n<p>En tant qu&rsquo;entit\u00e9 certifi\u00e9e par la FINMA dans le cadre de la LPCC, Weisshorn adh\u00e8re \u00e0 une gouvernance interne rigoureuse. Cette certification permet d&rsquo;offrir \u00e0 la client\u00e8le une gamme compl\u00e8te de services et de produits, le tout dans un environnement r\u00e9glementaire solide.<\/p>\n<p><a href=\"https:\/\/weiss.bazaks.digital\/wp-content\/uploads\/2024\/07\/Weisshorn_Asset_Managments_Presentation_Sheet.pdf\" target=\"_blank\" rel=\"noopener\"><strong>T\u00e9l\u00e9charger notre Lettre mensuelle<\/strong><\/a><\/p>\n<p><strong><a href=\"#\">T\u00e9l\u00e9charger notre Comit\u00e9 d&rsquo;Investissement<\/a><\/strong><\/p>\n\t\t\t\t\t\t\t\t<\/div>\n\t\t\t\t<\/div>\n\t\t\t\t<\/div>\n\t\t\t\t\t<\/div>\n\t\t\t\t<\/div>\n\t\t<div class=\"elementor-element elementor-element-17e314b e-flex e-con-boxed e-con e-parent\" data-id=\"17e314b\" data-element_type=\"container\" data-settings=\"{&quot;background_background&quot;:&quot;classic&quot;}\">\n\t\t\t\t\t<div class=\"e-con-inner\">\n\t\t<div class=\"elementor-element elementor-element-94a5c2d e-con-full blkWysiwyg animated-slow e-flex elementor-invisible e-con e-child\" data-id=\"94a5c2d\" data-element_type=\"container\" data-settings=\"{&quot;animation&quot;:&quot;fadeInLeft&quot;,&quot;animation_delay&quot;:500}\">\n\t\t\t\t<div class=\"elementor-element elementor-element-ca5d95f elementor-widget elementor-widget-text-editor\" data-id=\"ca5d95f\" data-element_type=\"widget\" data-widget_type=\"text-editor.default\">\n\t\t\t\t<div class=\"elementor-widget-container\">\n\t\t\t\t\t\t\t\t\t<h2>Strat\u00e9gie et Culture<\/h2>\n<p><strong>Votre satisfaction est notre premi\u00e8re priorit\u00e9.<\/strong> Nous nous engageons \u00e0 cultiver une relation de confiance qui non seulement r\u00e9pond \u00e0 vos attentes, mais les d\u00e9passe.<\/p>\n<p>Avec un sens profond de la responsabilit\u00e9 pour le capital que vous nous confiez, souvent sur plusieurs g\u00e9n\u00e9rations, nous fournissons une analyse financi\u00e8re compl\u00e8te et personnalis\u00e9e, adapt\u00e9e \u00e0 vos besoins unique<\/p>\n<h3><\/h3>\n<h2>Nos valeurs<\/h2>\n<p>Nous adh\u00e9rons \u00e0 une norme \u00e9thique sans compromis qui guide tous les aspects de nos activit\u00e9s. Nous nous engageons \u00e0 favoriser des relations \u00e0 long terme fond\u00e9es sur la confiance mutuelle avec nos clients et nos partenaires. En outre, nous int\u00e9grons continuellement des innovations financi\u00e8res dans nos strat\u00e9gies d&rsquo;investissement et dans la construction de nos portefeuilles, garantissant ainsi que nos clients b\u00e9n\u00e9ficient des derni\u00e8res avanc\u00e9es dans l&rsquo;industrie.<\/p>\n<h3><\/h3>\n<h2>Nos tarifications<\/h2>\n<p>Nos tarifications sont fond\u00e9es sur la transparence et l&rsquo;int\u00e9grit\u00e9. <strong>Nous proposons des tarifs totalement transparents, sans frais cach\u00e9s ni pots-de-vin. Il n&rsquo;y a pas de double facturation entre nos frais de gestion et les produits que nous proposons, ce qui garantit une tarification claire et \u00e9quitable.<\/strong> En outre, nous donnons acc\u00e8s aux cat\u00e9gories de fonds d&rsquo;investissement les plus avantageuses. Ainsi, votre capital conna\u00eet une croissance optimale au fil des ans.<\/p>\n\t\t\t\t\t\t\t\t<\/div>\n\t\t\t\t<\/div>\n\t\t<div class=\"elementor-element elementor-element-2b1e3bb e-con-full blkKeyFigures e-flex e-con e-child\" data-id=\"2b1e3bb\" data-element_type=\"container\">\n\t\t\t\t<div class=\"elementor-element elementor-element-008143e elementor-widget__width-initial elementor-widget elementor-widget-counter\" data-id=\"008143e\" data-element_type=\"widget\" data-widget_type=\"counter.default\">\n\t\t\t\t<div class=\"elementor-widget-container\">\n\t\t\t\t\t\t\t<div class=\"elementor-counter\">\n\t\t\t<div class=\"elementor-counter-title\">Nombre d'ann\u00e9es d'exp\u00e9rience en gestion de portefeuille pour chaque co-fondateur<\/div>\t\t\t<div class=\"elementor-counter-number-wrapper\">\n\t\t\t\t<span class=\"elementor-counter-number-prefix\"><\/span>\n\t\t\t\t<span class=\"elementor-counter-number\" data-duration=\"2000\" data-to-value=\"25\" data-from-value=\"0\" data-delimiter=\",\">0<\/span>\n\t\t\t\t<span class=\"elementor-counter-number-suffix\">+<\/span>\n\t\t\t<\/div>\n\t\t<\/div>\n\t\t\t\t\t\t<\/div>\n\t\t\t\t<\/div>\n\t\t\t\t<div class=\"elementor-element elementor-element-677a694 elementor-widget__width-initial elementor-widget elementor-widget-counter\" data-id=\"677a694\" data-element_type=\"widget\" data-widget_type=\"counter.default\">\n\t\t\t\t<div class=\"elementor-widget-container\">\n\t\t\t\t\t\t\t<div class=\"elementor-counter\">\n\t\t\t<div class=\"elementor-counter-title\">G\u00e9n\u00e9rations de clients suivies<\/div>\t\t\t<div class=\"elementor-counter-number-wrapper\">\n\t\t\t\t<span class=\"elementor-counter-number-prefix\"><\/span>\n\t\t\t\t<span class=\"elementor-counter-number\" data-duration=\"2000\" data-to-value=\"3\" data-from-value=\"0\" data-delimiter=\",\">0<\/span>\n\t\t\t\t<span class=\"elementor-counter-number-suffix\"> <\/span>\n\t\t\t<\/div>\n\t\t<\/div>\n\t\t\t\t\t\t<\/div>\n\t\t\t\t<\/div>\n\t\t\t\t<\/div>\n\t\t\t\t<\/div>\n\t\t<div class=\"elementor-element elementor-element-ef39c42 e-con-full animated-slow e-flex elementor-invisible e-con e-child\" data-id=\"ef39c42\" data-element_type=\"container\" data-settings=\"{&quot;animation&quot;:&quot;fadeInRight&quot;,&quot;animation_delay&quot;:500}\">\n\t\t\t\t<div class=\"elementor-element elementor-element-42914b3 elementor-widget elementor-widget-image\" data-id=\"42914b3\" data-element_type=\"widget\" data-widget_type=\"image.default\">\n\t\t\t\t<div class=\"elementor-widget-container\">\n\t\t\t\t\t\t\t\t\t\t\t\t\t\t\t<img decoding=\"async\" width=\"3269\" height=\"4903\" src=\"https:\/\/weiss.bazaks.digital\/wp-content\/uploads\/2024\/08\/pexels-matreding-4468990.jpg\" class=\"attachment-full size-full wp-image-1975\" alt=\"\" srcset=\"https:\/\/weiss.bazaks.digital\/wp-content\/uploads\/2024\/08\/pexels-matreding-4468990.jpg 3269w, https:\/\/weiss.bazaks.digital\/wp-content\/uploads\/2024\/08\/pexels-matreding-4468990-200x300.jpg 200w, https:\/\/weiss.bazaks.digital\/wp-content\/uploads\/2024\/08\/pexels-matreding-4468990-683x1024.jpg 683w, https:\/\/weiss.bazaks.digital\/wp-content\/uploads\/2024\/08\/pexels-matreding-4468990-768x1152.jpg 768w, https:\/\/weiss.bazaks.digital\/wp-content\/uploads\/2024\/08\/pexels-matreding-4468990-1024x1536.jpg 1024w, https:\/\/weiss.bazaks.digital\/wp-content\/uploads\/2024\/08\/pexels-matreding-4468990-1365x2048.jpg 1365w\" sizes=\"(max-width: 3269px) 100vw, 3269px\" \/>\t\t\t\t\t\t\t\t\t\t\t\t\t\t\t<\/div>\n\t\t\t\t<\/div>\n\t\t\t\t<\/div>\n\t\t\t\t\t<\/div>\n\t\t\t\t<\/div>\n\t\t\t\t<\/div>\n\t\t","protected":false},"excerpt":{"rendered":"<p>https:\/\/weiss.bazaks.digital\/wp-content\/uploads\/2024\/07\/1145-1155.mp4 Weisshorn Asset Management&nbsp; Weisshorn Asset Management SA, soci\u00e9t\u00e9 ind\u00e9pendante de gestion de fortune bas\u00e9e \u00e0 Gen\u00e8ve, est sp\u00e9cialis\u00e9e dans les solutions de gestion d&rsquo;investissement et de services de conseil \u00e0 des clients priv\u00e9s. L&rsquo;engagement de Weisshorn consiste \u00e0 fournir des strat\u00e9gies financi\u00e8res personnalis\u00e9es et des conseils impartiaux, en mettant l&rsquo;accent sur la sauvegarde et [&hellip;]<\/p>\n","protected":false},"author":1,"featured_media":0,"parent":0,"menu_order":0,"comment_status":"closed","ping_status":"closed","template":"","meta":{"_acf_changed":false,"footnotes":""},"acf":[],"yoast_head":"<!-- This site is optimized with the Yoast SEO plugin v23.7 - https:\/\/yoast.com\/wordpress\/plugins\/seo\/ -->\n<title>Accueil - weiss.bazaks.digital<\/title>\n<meta name=\"robots\" content=\"index, follow, max-snippet:-1, max-image-preview:large, max-video-preview:-1\" \/>\n<link rel=\"canonical\" href=\"https:\/\/weiss.bazaks.digital\/fr\/\" \/>\n<meta property=\"og:locale\" content=\"fr_FR\" \/>\n<meta property=\"og:type\" content=\"article\" \/>\n<meta property=\"og:title\" content=\"Accueil - weiss.bazaks.digital\" \/>\n<meta property=\"og:description\" content=\"https:\/\/weiss.bazaks.digital\/wp-content\/uploads\/2024\/07\/1145-1155.mp4 Weisshorn Asset Management&nbsp; Weisshorn Asset Management SA, soci\u00e9t\u00e9 ind\u00e9pendante de gestion de fortune bas\u00e9e \u00e0 Gen\u00e8ve, est sp\u00e9cialis\u00e9e dans les solutions de gestion d&rsquo;investissement et de services de conseil \u00e0 des clients priv\u00e9s. L&rsquo;engagement de Weisshorn consiste \u00e0 fournir des strat\u00e9gies financi\u00e8res personnalis\u00e9es et des conseils impartiaux, en mettant l&rsquo;accent sur la sauvegarde et [&hellip;]\" \/>\n<meta property=\"og:url\" content=\"https:\/\/weiss.bazaks.digital\/fr\/\" \/>\n<meta property=\"og:site_name\" content=\"weiss.bazaks.digital\" \/>\n<meta property=\"article:modified_time\" content=\"2024-10-16T14:42:36+00:00\" \/>\n<meta property=\"og:image\" content=\"https:\/\/weiss.bazaks.digital\/wp-content\/uploads\/2024\/07\/logo-weisshorn-w-white.png\" \/>\n<meta name=\"twitter:card\" content=\"summary_large_image\" \/>\n<meta name=\"twitter:label1\" content=\"Dur\u00e9e de lecture estim\u00e9e\" \/>\n\t<meta name=\"twitter:data1\" content=\"2 minutes\" \/>\n<script type=\"application\/ld+json\" class=\"yoast-schema-graph\">{\"@context\":\"https:\/\/schema.org\",\"@graph\":[{\"@type\":\"WebPage\",\"@id\":\"https:\/\/weiss.bazaks.digital\/fr\/\",\"url\":\"https:\/\/weiss.bazaks.digital\/fr\/\",\"name\":\"Accueil - weiss.bazaks.digital\",\"isPartOf\":{\"@id\":\"https:\/\/weiss.bazaks.digital\/fr\/#website\"},\"primaryImageOfPage\":{\"@id\":\"https:\/\/weiss.bazaks.digital\/fr\/#primaryimage\"},\"image\":{\"@id\":\"https:\/\/weiss.bazaks.digital\/fr\/#primaryimage\"},\"thumbnailUrl\":\"https:\/\/weiss.bazaks.digital\/wp-content\/uploads\/2024\/07\/logo-weisshorn-w-white.png\",\"datePublished\":\"2024-07-08T12:23:41+00:00\",\"dateModified\":\"2024-10-16T14:42:36+00:00\",\"breadcrumb\":{\"@id\":\"https:\/\/weiss.bazaks.digital\/fr\/#breadcrumb\"},\"inLanguage\":\"fr-FR\",\"potentialAction\":[{\"@type\":\"ReadAction\",\"target\":[\"https:\/\/weiss.bazaks.digital\/fr\/\"]}]},{\"@type\":\"ImageObject\",\"inLanguage\":\"fr-FR\",\"@id\":\"https:\/\/weiss.bazaks.digital\/fr\/#primaryimage\",\"url\":\"https:\/\/weiss.bazaks.digital\/wp-content\/uploads\/2024\/07\/logo-weisshorn-w-white.png\",\"contentUrl\":\"https:\/\/weiss.bazaks.digital\/wp-content\/uploads\/2024\/07\/logo-weisshorn-w-white.png\"},{\"@type\":\"BreadcrumbList\",\"@id\":\"https:\/\/weiss.bazaks.digital\/fr\/#breadcrumb\",\"itemListElement\":[{\"@type\":\"ListItem\",\"position\":1,\"name\":\"Home\",\"item\":\"https:\/\/weiss.bazaks.digital\/fr\/\"},{\"@type\":\"ListItem\",\"position\":2,\"name\":\"Accueil\"}]},{\"@type\":\"WebSite\",\"@id\":\"https:\/\/weiss.bazaks.digital\/fr\/#website\",\"url\":\"https:\/\/weiss.bazaks.digital\/fr\/\",\"name\":\"weiss.bazaks.digital\",\"description\":\"\",\"publisher\":{\"@id\":\"https:\/\/weiss.bazaks.digital\/fr\/#organization\"},\"potentialAction\":[{\"@type\":\"SearchAction\",\"target\":{\"@type\":\"EntryPoint\",\"urlTemplate\":\"https:\/\/weiss.bazaks.digital\/fr\/?s={search_term_string}\"},\"query-input\":{\"@type\":\"PropertyValueSpecification\",\"valueRequired\":true,\"valueName\":\"search_term_string\"}}],\"inLanguage\":\"fr-FR\"},{\"@type\":\"Organization\",\"@id\":\"https:\/\/weiss.bazaks.digital\/fr\/#organization\",\"name\":\"weiss.bazaks.digital\",\"url\":\"https:\/\/weiss.bazaks.digital\/fr\/\",\"logo\":{\"@type\":\"ImageObject\",\"inLanguage\":\"fr-FR\",\"@id\":\"https:\/\/weiss.bazaks.digital\/fr\/#\/schema\/logo\/image\/\",\"url\":\"https:\/\/weiss.bazaks.digital\/wp-content\/uploads\/2024\/07\/logo-weisshorn.png\",\"contentUrl\":\"https:\/\/weiss.bazaks.digital\/wp-content\/uploads\/2024\/07\/logo-weisshorn.png\",\"width\":228,\"height\":55,\"caption\":\"weiss.bazaks.digital\"},\"image\":{\"@id\":\"https:\/\/weiss.bazaks.digital\/fr\/#\/schema\/logo\/image\/\"}}]}<\/script>\n<!-- \/ Yoast SEO plugin. -->","yoast_head_json":{"title":"Accueil - weiss.bazaks.digital","robots":{"index":"index","follow":"follow","max-snippet":"max-snippet:-1","max-image-preview":"max-image-preview:large","max-video-preview":"max-video-preview:-1"},"canonical":"https:\/\/weiss.bazaks.digital\/fr\/","og_locale":"fr_FR","og_type":"article","og_title":"Accueil - weiss.bazaks.digital","og_description":"https:\/\/weiss.bazaks.digital\/wp-content\/uploads\/2024\/07\/1145-1155.mp4 Weisshorn Asset Management&nbsp; Weisshorn Asset Management SA, soci\u00e9t\u00e9 ind\u00e9pendante de gestion de fortune bas\u00e9e \u00e0 Gen\u00e8ve, est sp\u00e9cialis\u00e9e dans les solutions de gestion d&rsquo;investissement et de services de conseil \u00e0 des clients priv\u00e9s. L&rsquo;engagement de Weisshorn consiste \u00e0 fournir des strat\u00e9gies financi\u00e8res personnalis\u00e9es et des conseils impartiaux, en mettant l&rsquo;accent sur la sauvegarde et [&hellip;]","og_url":"https:\/\/weiss.bazaks.digital\/fr\/","og_site_name":"weiss.bazaks.digital","article_modified_time":"2024-10-16T14:42:36+00:00","og_image":[{"url":"https:\/\/weiss.bazaks.digital\/wp-content\/uploads\/2024\/07\/logo-weisshorn-w-white.png"}],"twitter_card":"summary_large_image","twitter_misc":{"Dur\u00e9e de lecture estim\u00e9e":"2 minutes"},"schema":{"@context":"https:\/\/schema.org","@graph":[{"@type":"WebPage","@id":"https:\/\/weiss.bazaks.digital\/fr\/","url":"https:\/\/weiss.bazaks.digital\/fr\/","name":"Accueil - weiss.bazaks.digital","isPartOf":{"@id":"https:\/\/weiss.bazaks.digital\/fr\/#website"},"primaryImageOfPage":{"@id":"https:\/\/weiss.bazaks.digital\/fr\/#primaryimage"},"image":{"@id":"https:\/\/weiss.bazaks.digital\/fr\/#primaryimage"},"thumbnailUrl":"https:\/\/weiss.bazaks.digital\/wp-content\/uploads\/2024\/07\/logo-weisshorn-w-white.png","datePublished":"2024-07-08T12:23:41+00:00","dateModified":"2024-10-16T14:42:36+00:00","breadcrumb":{"@id":"https:\/\/weiss.bazaks.digital\/fr\/#breadcrumb"},"inLanguage":"fr-FR","potentialAction":[{"@type":"ReadAction","target":["https:\/\/weiss.bazaks.digital\/fr\/"]}]},{"@type":"ImageObject","inLanguage":"fr-FR","@id":"https:\/\/weiss.bazaks.digital\/fr\/#primaryimage","url":"https:\/\/weiss.bazaks.digital\/wp-content\/uploads\/2024\/07\/logo-weisshorn-w-white.png","contentUrl":"https:\/\/weiss.bazaks.digital\/wp-content\/uploads\/2024\/07\/logo-weisshorn-w-white.png"},{"@type":"BreadcrumbList","@id":"https:\/\/weiss.bazaks.digital\/fr\/#breadcrumb","itemListElement":[{"@type":"ListItem","position":1,"name":"Home","item":"https:\/\/weiss.bazaks.digital\/fr\/"},{"@type":"ListItem","position":2,"name":"Accueil"}]},{"@type":"WebSite","@id":"https:\/\/weiss.bazaks.digital\/fr\/#website","url":"https:\/\/weiss.bazaks.digital\/fr\/","name":"weiss.bazaks.digital","description":"","publisher":{"@id":"https:\/\/weiss.bazaks.digital\/fr\/#organization"},"potentialAction":[{"@type":"SearchAction","target":{"@type":"EntryPoint","urlTemplate":"https:\/\/weiss.bazaks.digital\/fr\/?s={search_term_string}"},"query-input":{"@type":"PropertyValueSpecification","valueRequired":true,"valueName":"search_term_string"}}],"inLanguage":"fr-FR"},{"@type":"Organization","@id":"https:\/\/weiss.bazaks.digital\/fr\/#organization","name":"weiss.bazaks.digital","url":"https:\/\/weiss.bazaks.digital\/fr\/","logo":{"@type":"ImageObject","inLanguage":"fr-FR","@id":"https:\/\/weiss.bazaks.digital\/fr\/#\/schema\/logo\/image\/","url":"https:\/\/weiss.bazaks.digital\/wp-content\/uploads\/2024\/07\/logo-weisshorn.png","contentUrl":"https:\/\/weiss.bazaks.digital\/wp-content\/uploads\/2024\/07\/logo-weisshorn.png","width":228,"height":55,"caption":"weiss.bazaks.digital"},"image":{"@id":"https:\/\/weiss.bazaks.digital\/fr\/#\/schema\/logo\/image\/"}}]}},"_links":{"self":[{"href":"https:\/\/weiss.bazaks.digital\/fr\/wp-json\/wp\/v2\/pages\/1824"}],"collection":[{"href":"https:\/\/weiss.bazaks.digital\/fr\/wp-json\/wp\/v2\/pages"}],"about":[{"href":"https:\/\/weiss.bazaks.digital\/fr\/wp-json\/wp\/v2\/types\/page"}],"author":[{"embeddable":true,"href":"https:\/\/weiss.bazaks.digital\/fr\/wp-json\/wp\/v2\/users\/1"}],"replies":[{"embeddable":true,"href":"https:\/\/weiss.bazaks.digital\/fr\/wp-json\/wp\/v2\/comments?post=1824"}],"version-history":[{"count":11,"href":"https:\/\/weiss.bazaks.digital\/fr\/wp-json\/wp\/v2\/pages\/1824\/revisions"}],"predecessor-version":[{"id":3769,"href":"https:\/\/weiss.bazaks.digital\/fr\/wp-json\/wp\/v2\/pages\/1824\/revisions\/3769"}],"wp:attachment":[{"href":"https:\/\/weiss.bazaks.digital\/fr\/wp-json\/wp\/v2\/media?parent=1824"}],"curies":[{"name":"wp","href":"https:\/\/api.w.org\/{rel}","templated":true}]}}