{"id":3760,"date":"2024-07-17T07:53:30","date_gmt":"2024-07-17T07:53:30","guid":{"rendered":"https:\/\/weiss.bazaks.digital\/actualite\/"},"modified":"2024-10-29T10:08:29","modified_gmt":"2024-10-29T10:08:29","slug":"actualite","status":"publish","type":"page","link":"https:\/\/weiss.bazaks.digital\/fr\/actualite\/","title":{"rendered":"Actualit\u00e9"},"content":{"rendered":"\t\t<div data-elementor-type=\"wp-page\" data-elementor-id=\"3760\" class=\"elementor elementor-3760 elementor-758\" data-elementor-post-type=\"page\">\n\t\t\t\t<div class=\"elementor-element elementor-element-aa529f2 e-con-full e-flex e-con e-parent\" data-id=\"aa529f2\" data-element_type=\"container\" data-settings=\"{&quot;background_background&quot;:&quot;classic&quot;}\">\n\t\t\t\t<div class=\"elementor-element elementor-element-f1ea4ff elementor-widget elementor-widget-heading\" data-id=\"f1ea4ff\" data-element_type=\"widget\" data-widget_type=\"heading.default\">\n\t\t\t\t<div class=\"elementor-widget-container\">\n\t\t\t\t\t<h1 class=\"elementor-heading-title elementor-size-default\">Actualit\u00e9 et Publications de Weisshorn<\/h1>\t\t\t\t<\/div>\n\t\t\t\t<\/div>\n\t\t\t\t<\/div>\n\t\t<div class=\"elementor-element elementor-element-adc2855 animated-slow e-flex e-con-boxed elementor-invisible e-con e-parent\" data-id=\"adc2855\" data-element_type=\"container\" data-settings=\"{&quot;background_background&quot;:&quot;classic&quot;,&quot;animation&quot;:&quot;customFadeInUp&quot;}\">\n\t\t\t\t\t<div class=\"e-con-inner\">\n\t\t\t\t<div class=\"elementor-element elementor-element-2bd2ae4 elementor-grid-1 elementor-posts--thumbnail-left elementor-grid-tablet-2 elementor-grid-mobile-1 elementor-widget elementor-widget-posts\" data-id=\"2bd2ae4\" data-element_type=\"widget\" id=\"listPosts\" data-settings=\"{&quot;classic_columns&quot;:&quot;1&quot;,&quot;pagination_type&quot;:&quot;numbers&quot;,&quot;classic_columns_tablet&quot;:&quot;2&quot;,&quot;classic_columns_mobile&quot;:&quot;1&quot;,&quot;classic_row_gap&quot;:{&quot;unit&quot;:&quot;px&quot;,&quot;size&quot;:35,&quot;sizes&quot;:[]},&quot;classic_row_gap_tablet&quot;:{&quot;unit&quot;:&quot;px&quot;,&quot;size&quot;:&quot;&quot;,&quot;sizes&quot;:[]},&quot;classic_row_gap_mobile&quot;:{&quot;unit&quot;:&quot;px&quot;,&quot;size&quot;:&quot;&quot;,&quot;sizes&quot;:[]}}\" data-widget_type=\"posts.classic\">\n\t\t\t\t<div class=\"elementor-widget-container\">\n\t\t\t\t\t\t\t<div class=\"elementor-posts-container elementor-posts elementor-posts--skin-classic elementor-grid\">\n\t\t\t\t<article class=\"elementor-post elementor-grid-item post-3830 post type-post status-publish format-standard has-post-thumbnail hentry category-news-fr\">\n\t\t\t\t<a class=\"elementor-post__thumbnail__link\" href=\"https:\/\/weiss.bazaks.digital\/fr\/swiss-road-cycling-championship\/\" tabindex=\"-1\" >\n\t\t\t<div class=\"elementor-post__thumbnail\"><img decoding=\"async\" width=\"300\" height=\"133\" src=\"https:\/\/weiss.bazaks.digital\/wp-content\/uploads\/2024\/07\/illus-article-1-300x133.jpg\" class=\"attachment-medium size-medium wp-image-1506\" alt=\"\" srcset=\"https:\/\/weiss.bazaks.digital\/wp-content\/uploads\/2024\/07\/illus-article-1-300x133.jpg 300w, https:\/\/weiss.bazaks.digital\/wp-content\/uploads\/2024\/07\/illus-article-1-768x341.jpg 768w, https:\/\/weiss.bazaks.digital\/wp-content\/uploads\/2024\/07\/illus-article-1.jpg 995w\" sizes=\"(max-width: 300px) 100vw, 300px\" \/><\/div>\n\t\t<\/a>\n\t\t\t\t<div class=\"elementor-post__text\">\n\t\t\t\t<h2 class=\"elementor-post__title\">\n\t\t\t<a href=\"https:\/\/weiss.bazaks.digital\/fr\/swiss-road-cycling-championship\/\" >\n\t\t\t\tSwiss Road Cycling Championship\t\t\t<\/a>\n\t\t<\/h2>\n\t\t\t\t<div class=\"elementor-post__meta-data\">\n\t\t\t\t\t<span class=\"elementor-post-date\">\n\t\t\t02\/05\/2024\t\t<\/span>\n\t\t\t\t<\/div>\n\t\t\t\t<div class=\"elementor-post__excerpt\">\n\t\t\t<p>Weisshorn AM S.A. a l&rsquo;honneur d&rsquo;\u00eatre l&rsquo;un des principaux sponsors du Championnat suisse de cyclisme \u00e9lite. L&rsquo;\u00e9v\u00e9nement aura lieu \u00e0<\/p>\n\t\t<\/div>\n\t\t\n\t\t<a class=\"elementor-post__read-more\" href=\"https:\/\/weiss.bazaks.digital\/fr\/swiss-road-cycling-championship\/\" aria-label=\"En savoir plus sur Swiss Road Cycling Championship\" tabindex=\"-1\" >\n\t\t\tLire la suite\t\t<\/a>\n\n\t\t\t\t<\/div>\n\t\t\t\t<\/article>\n\t\t\t\t<article class=\"elementor-post elementor-grid-item post-3832 post type-post status-publish format-standard has-post-thumbnail hentry category-news-fr\">\n\t\t\t\t<a class=\"elementor-post__thumbnail__link\" href=\"https:\/\/weiss.bazaks.digital\/fr\/grand-succes-formation-azek-m-lucas-matti-m-tarik-garidi\/\" tabindex=\"-1\" >\n\t\t\t<div class=\"elementor-post__thumbnail\"><img decoding=\"async\" width=\"300\" height=\"133\" src=\"https:\/\/weiss.bazaks.digital\/wp-content\/uploads\/2024\/07\/illus-article-3-300x133.jpg\" class=\"attachment-medium size-medium wp-image-1510\" alt=\"\" srcset=\"https:\/\/weiss.bazaks.digital\/wp-content\/uploads\/2024\/07\/illus-article-3-300x133.jpg 300w, https:\/\/weiss.bazaks.digital\/wp-content\/uploads\/2024\/07\/illus-article-3-768x341.jpg 768w, https:\/\/weiss.bazaks.digital\/wp-content\/uploads\/2024\/07\/illus-article-3.jpg 995w\" sizes=\"(max-width: 300px) 100vw, 300px\" \/><\/div>\n\t\t<\/a>\n\t\t\t\t<div class=\"elementor-post__text\">\n\t\t\t\t<h2 class=\"elementor-post__title\">\n\t\t\t<a href=\"https:\/\/weiss.bazaks.digital\/fr\/grand-succes-formation-azek-m-lucas-matti-m-tarik-garidi\/\" >\n\t\t\t\tGrand Succ\u00e8s Formation AZEK M. Lucas Matti &amp; M. Tarik Garidi\t\t\t<\/a>\n\t\t<\/h2>\n\t\t\t\t<div class=\"elementor-post__meta-data\">\n\t\t\t\t\t<span class=\"elementor-post-date\">\n\t\t\t15\/02\/2024\t\t<\/span>\n\t\t\t\t<\/div>\n\t\t\t\t<div class=\"elementor-post__excerpt\">\n\t\t\t<p>Bravo \u00e0 nos deux collaborateurs M. Lucas Matti et M. Tarik Garidi pour leur remarquable prestation dans le cadre d\u2019une<\/p>\n\t\t<\/div>\n\t\t\n\t\t<a class=\"elementor-post__read-more\" href=\"https:\/\/weiss.bazaks.digital\/fr\/grand-succes-formation-azek-m-lucas-matti-m-tarik-garidi\/\" aria-label=\"En savoir plus sur Grand Succ\u00e8s Formation AZEK M. Lucas Matti &amp; M. Tarik Garidi\" tabindex=\"-1\" >\n\t\t\tLire la suite\t\t<\/a>\n\n\t\t\t\t<\/div>\n\t\t\t\t<\/article>\n\t\t\t\t<article class=\"elementor-post elementor-grid-item post-3834 post type-post status-publish format-standard has-post-thumbnail hentry category-news-fr\">\n\t\t\t\t<a class=\"elementor-post__thumbnail__link\" href=\"https:\/\/weiss.bazaks.digital\/fr\/loreal-achete-gjosa\/\" tabindex=\"-1\" >\n\t\t\t<div class=\"elementor-post__thumbnail\"><img decoding=\"async\" width=\"300\" height=\"133\" src=\"https:\/\/weiss.bazaks.digital\/wp-content\/uploads\/2024\/07\/illus-article-2-300x133.jpg\" class=\"attachment-medium size-medium wp-image-1508\" alt=\"\" srcset=\"https:\/\/weiss.bazaks.digital\/wp-content\/uploads\/2024\/07\/illus-article-2-300x133.jpg 300w, https:\/\/weiss.bazaks.digital\/wp-content\/uploads\/2024\/07\/illus-article-2-768x341.jpg 768w, https:\/\/weiss.bazaks.digital\/wp-content\/uploads\/2024\/07\/illus-article-2.jpg 995w\" sizes=\"(max-width: 300px) 100vw, 300px\" \/><\/div>\n\t\t<\/a>\n\t\t\t\t<div class=\"elementor-post__text\">\n\t\t\t\t<h2 class=\"elementor-post__title\">\n\t\t\t<a href=\"https:\/\/weiss.bazaks.digital\/fr\/loreal-achete-gjosa\/\" >\n\t\t\t\tL&rsquo;Or\u00e9al ach\u00e8te Gjosa\t\t\t<\/a>\n\t\t<\/h2>\n\t\t\t\t<div class=\"elementor-post__meta-data\">\n\t\t\t\t\t<span class=\"elementor-post-date\">\n\t\t\t17\/01\/2024\t\t<\/span>\n\t\t\t\t<\/div>\n\t\t\t\t<div class=\"elementor-post__excerpt\">\n\t\t\t<p>F\u00e9licitations \u00e0 toute l&rsquo;\u00e9quipe de Gjosa ! Un de nos postes au Club Deal a \u00e9t\u00e9 repris et nous sommes<\/p>\n\t\t<\/div>\n\t\t\n\t\t<a class=\"elementor-post__read-more\" href=\"https:\/\/weiss.bazaks.digital\/fr\/loreal-achete-gjosa\/\" aria-label=\"En savoir plus sur L&rsquo;Or\u00e9al ach\u00e8te Gjosa\" tabindex=\"-1\" >\n\t\t\tLire la suite\t\t<\/a>\n\n\t\t\t\t<\/div>\n\t\t\t\t<\/article>\n\t\t\t\t<\/div>\n\t\t\n\t\t\t\t\t\t<\/div>\n\t\t\t\t<\/div>\n\t\t\t\t\t<\/div>\n\t\t\t\t<\/div>\n\t\t\t\t<\/div>\n\t\t","protected":false},"excerpt":{"rendered":"<p>Actualit\u00e9 et Publications de Weisshorn<\/p>\n","protected":false},"author":1,"featured_media":0,"parent":0,"menu_order":0,"comment_status":"closed","ping_status":"closed","template":"elementor_header_footer","meta":{"_acf_changed":false,"footnotes":""},"acf":[],"yoast_head":"<!-- This site is optimized with the Yoast SEO plugin v23.7 - https:\/\/yoast.com\/wordpress\/plugins\/seo\/ -->\n<title>Actualit\u00e9 - weiss.bazaks.digital<\/title>\n<meta name=\"robots\" content=\"index, follow, max-snippet:-1, max-image-preview:large, max-video-preview:-1\" \/>\n<link rel=\"canonical\" href=\"https:\/\/weiss.bazaks.digital\/fr\/actualite\/\" \/>\n<meta property=\"og:locale\" content=\"fr_FR\" \/>\n<meta property=\"og:type\" content=\"article\" \/>\n<meta property=\"og:title\" content=\"Actualit\u00e9 - weiss.bazaks.digital\" \/>\n<meta property=\"og:description\" content=\"Actualit\u00e9 et Publications de Weisshorn\" \/>\n<meta property=\"og:url\" content=\"https:\/\/weiss.bazaks.digital\/fr\/actualite\/\" \/>\n<meta property=\"og:site_name\" content=\"weiss.bazaks.digital\" \/>\n<meta property=\"article:modified_time\" content=\"2024-10-29T10:08:29+00:00\" \/>\n<meta name=\"twitter:card\" content=\"summary_large_image\" \/>\n<script type=\"application\/ld+json\" class=\"yoast-schema-graph\">{\"@context\":\"https:\/\/schema.org\",\"@graph\":[{\"@type\":\"WebPage\",\"@id\":\"https:\/\/weiss.bazaks.digital\/fr\/actualite\/\",\"url\":\"https:\/\/weiss.bazaks.digital\/fr\/actualite\/\",\"name\":\"Actualit\u00e9 - weiss.bazaks.digital\",\"isPartOf\":{\"@id\":\"https:\/\/weiss.bazaks.digital\/fr\/#website\"},\"datePublished\":\"2024-07-17T07:53:30+00:00\",\"dateModified\":\"2024-10-29T10:08:29+00:00\",\"breadcrumb\":{\"@id\":\"https:\/\/weiss.bazaks.digital\/fr\/actualite\/#breadcrumb\"},\"inLanguage\":\"fr-FR\",\"potentialAction\":[{\"@type\":\"ReadAction\",\"target\":[\"https:\/\/weiss.bazaks.digital\/fr\/actualite\/\"]}]},{\"@type\":\"BreadcrumbList\",\"@id\":\"https:\/\/weiss.bazaks.digital\/fr\/actualite\/#breadcrumb\",\"itemListElement\":[{\"@type\":\"ListItem\",\"position\":1,\"name\":\"Home\",\"item\":\"https:\/\/weiss.bazaks.digital\/fr\/\"},{\"@type\":\"ListItem\",\"position\":2,\"name\":\"Actualit\u00e9\"}]},{\"@type\":\"WebSite\",\"@id\":\"https:\/\/weiss.bazaks.digital\/fr\/#website\",\"url\":\"https:\/\/weiss.bazaks.digital\/fr\/\",\"name\":\"weiss.bazaks.digital\",\"description\":\"\",\"publisher\":{\"@id\":\"https:\/\/weiss.bazaks.digital\/fr\/#organization\"},\"potentialAction\":[{\"@type\":\"SearchAction\",\"target\":{\"@type\":\"EntryPoint\",\"urlTemplate\":\"https:\/\/weiss.bazaks.digital\/fr\/?s={search_term_string}\"},\"query-input\":{\"@type\":\"PropertyValueSpecification\",\"valueRequired\":true,\"valueName\":\"search_term_string\"}}],\"inLanguage\":\"fr-FR\"},{\"@type\":\"Organization\",\"@id\":\"https:\/\/weiss.bazaks.digital\/fr\/#organization\",\"name\":\"weiss.bazaks.digital\",\"url\":\"https:\/\/weiss.bazaks.digital\/fr\/\",\"logo\":{\"@type\":\"ImageObject\",\"inLanguage\":\"fr-FR\",\"@id\":\"https:\/\/weiss.bazaks.digital\/fr\/#\/schema\/logo\/image\/\",\"url\":\"https:\/\/weiss.bazaks.digital\/wp-content\/uploads\/2024\/07\/logo-weisshorn.png\",\"contentUrl\":\"https:\/\/weiss.bazaks.digital\/wp-content\/uploads\/2024\/07\/logo-weisshorn.png\",\"width\":228,\"height\":55,\"caption\":\"weiss.bazaks.digital\"},\"image\":{\"@id\":\"https:\/\/weiss.bazaks.digital\/fr\/#\/schema\/logo\/image\/\"}}]}<\/script>\n<!-- \/ Yoast SEO plugin. -->","yoast_head_json":{"title":"Actualit\u00e9 - weiss.bazaks.digital","robots":{"index":"index","follow":"follow","max-snippet":"max-snippet:-1","max-image-preview":"max-image-preview:large","max-video-preview":"max-video-preview:-1"},"canonical":"https:\/\/weiss.bazaks.digital\/fr\/actualite\/","og_locale":"fr_FR","og_type":"article","og_title":"Actualit\u00e9 - weiss.bazaks.digital","og_description":"Actualit\u00e9 et Publications de Weisshorn","og_url":"https:\/\/weiss.bazaks.digital\/fr\/actualite\/","og_site_name":"weiss.bazaks.digital","article_modified_time":"2024-10-29T10:08:29+00:00","twitter_card":"summary_large_image","schema":{"@context":"https:\/\/schema.org","@graph":[{"@type":"WebPage","@id":"https:\/\/weiss.bazaks.digital\/fr\/actualite\/","url":"https:\/\/weiss.bazaks.digital\/fr\/actualite\/","name":"Actualit\u00e9 - weiss.bazaks.digital","isPartOf":{"@id":"https:\/\/weiss.bazaks.digital\/fr\/#website"},"datePublished":"2024-07-17T07:53:30+00:00","dateModified":"2024-10-29T10:08:29+00:00","breadcrumb":{"@id":"https:\/\/weiss.bazaks.digital\/fr\/actualite\/#breadcrumb"},"inLanguage":"fr-FR","potentialAction":[{"@type":"ReadAction","target":["https:\/\/weiss.bazaks.digital\/fr\/actualite\/"]}]},{"@type":"BreadcrumbList","@id":"https:\/\/weiss.bazaks.digital\/fr\/actualite\/#breadcrumb","itemListElement":[{"@type":"ListItem","position":1,"name":"Home","item":"https:\/\/weiss.bazaks.digital\/fr\/"},{"@type":"ListItem","position":2,"name":"Actualit\u00e9"}]},{"@type":"WebSite","@id":"https:\/\/weiss.bazaks.digital\/fr\/#website","url":"https:\/\/weiss.bazaks.digital\/fr\/","name":"weiss.bazaks.digital","description":"","publisher":{"@id":"https:\/\/weiss.bazaks.digital\/fr\/#organization"},"potentialAction":[{"@type":"SearchAction","target":{"@type":"EntryPoint","urlTemplate":"https:\/\/weiss.bazaks.digital\/fr\/?s={search_term_string}"},"query-input":{"@type":"PropertyValueSpecification","valueRequired":true,"valueName":"search_term_string"}}],"inLanguage":"fr-FR"},{"@type":"Organization","@id":"https:\/\/weiss.bazaks.digital\/fr\/#organization","name":"weiss.bazaks.digital","url":"https:\/\/weiss.bazaks.digital\/fr\/","logo":{"@type":"ImageObject","inLanguage":"fr-FR","@id":"https:\/\/weiss.bazaks.digital\/fr\/#\/schema\/logo\/image\/","url":"https:\/\/weiss.bazaks.digital\/wp-content\/uploads\/2024\/07\/logo-weisshorn.png","contentUrl":"https:\/\/weiss.bazaks.digital\/wp-content\/uploads\/2024\/07\/logo-weisshorn.png","width":228,"height":55,"caption":"weiss.bazaks.digital"},"image":{"@id":"https:\/\/weiss.bazaks.digital\/fr\/#\/schema\/logo\/image\/"}}]}},"_links":{"self":[{"href":"https:\/\/weiss.bazaks.digital\/fr\/wp-json\/wp\/v2\/pages\/3760"}],"collection":[{"href":"https:\/\/weiss.bazaks.digital\/fr\/wp-json\/wp\/v2\/pages"}],"about":[{"href":"https:\/\/weiss.bazaks.digital\/fr\/wp-json\/wp\/v2\/types\/page"}],"author":[{"embeddable":true,"href":"https:\/\/weiss.bazaks.digital\/fr\/wp-json\/wp\/v2\/users\/1"}],"replies":[{"embeddable":true,"href":"https:\/\/weiss.bazaks.digital\/fr\/wp-json\/wp\/v2\/comments?post=3760"}],"version-history":[{"count":5,"href":"https:\/\/weiss.bazaks.digital\/fr\/wp-json\/wp\/v2\/pages\/3760\/revisions"}],"predecessor-version":[{"id":3865,"href":"https:\/\/weiss.bazaks.digital\/fr\/wp-json\/wp\/v2\/pages\/3760\/revisions\/3865"}],"wp:attachment":[{"href":"https:\/\/weiss.bazaks.digital\/fr\/wp-json\/wp\/v2\/media?parent=3760"}],"curies":[{"name":"wp","href":"https:\/\/api.w.org\/{rel}","templated":true}]}}